{"id":15669,"date":"2022-11-27T17:42:49","date_gmt":"2022-11-27T17:42:49","guid":{"rendered":"https:\/\/www.hidro-rad.hr\/?page_id=15669"},"modified":"2022-11-28T19:36:46","modified_gmt":"2022-11-28T19:36:46","slug":"brza-spojka","status":"publish","type":"page","link":"https:\/\/www.hidro-rad.hr\/eng\/sales\/mtb\/quick-coupler\/","title":{"rendered":"Brza spojka"},"content":{"rendered":"<div data-elementor-type=\"wp-page\" data-elementor-id=\"15669\" class=\"elementor elementor-15669\">\n\t\t\t\t\t\t<section class=\"elementor-section elementor-top-section elementor-element elementor-element-969c637 elementor-section-boxed elementor-section-height-default elementor-section-height-default qodef-elementor-content-no\" data-id=\"969c637\" data-element_type=\"section\">\n\t\t\t\t\t\t<div class=\"elementor-container elementor-column-gap-default\">\n\t\t\t\t\t<div class=\"elementor-column elementor-col-100 elementor-top-column elementor-element elementor-element-9de43d0\" data-id=\"9de43d0\" data-element_type=\"column\">\n\t\t\t<div class=\"elementor-widget-wrap elementor-element-populated\">\n\t\t\t\t\t\t<div class=\"elementor-element elementor-element-4f8fb08 elementor-widget elementor-widget-qi_addons_for_elementor_animated_text\" data-id=\"4f8fb08\" data-element_type=\"widget\" data-settings=\"{&quot;_animation&quot;:&quot;none&quot;}\" data-widget_type=\"qi_addons_for_elementor_animated_text.default\">\n\t\t\t\t<div class=\"elementor-widget-container\">\n\t\t\t<style>.elementor-element-4f8fb08{display:none !important}<\/style>\t\t<\/div>\n\t\t\t\t<\/div>\n\t\t\t\t\t<\/div>\n\t\t<\/div>\n\t\t\t\t\t<\/div>\n\t\t<\/section>\n\t\t\t\t<section class=\"elementor-section elementor-top-section elementor-element elementor-element-c2905dc elementor-section-boxed elementor-section-height-default elementor-section-height-default qodef-elementor-content-no\" data-id=\"c2905dc\" data-element_type=\"section\">\n\t\t\t\t\t\t<div class=\"elementor-container elementor-column-gap-default\">\n\t\t\t\t\t<div class=\"elementor-column elementor-col-33 elementor-top-column elementor-element elementor-element-63a09f2\" data-id=\"63a09f2\" data-element_type=\"column\">\n\t\t\t<div class=\"elementor-widget-wrap\">\n\t\t\t\t\t\t\t<\/div>\n\t\t<\/div>\n\t\t\t\t<div class=\"elementor-column elementor-col-33 elementor-top-column elementor-element elementor-element-f947048\" data-id=\"f947048\" data-element_type=\"column\">\n\t\t\t<div class=\"elementor-widget-wrap elementor-element-populated\">\n\t\t\t\t\t\t<div class=\"elementor-element elementor-element-0d9f201 elementor-invisible elementor-widget elementor-widget-techlink_core_image_with_text\" data-id=\"0d9f201\" data-element_type=\"widget\" data-settings=\"{&quot;_animation&quot;:&quot;zoomIn&quot;}\" data-widget_type=\"techlink_core_image_with_text.default\">\n\t\t\t\t<div class=\"elementor-widget-container\">\n\t\t\t<div class=\"qodef-shortcode qodef-m  qodef-image-with-text qodef-layout--text-below\">\n    <div class=\"qodef-m-background-image\">\r\n            <a itemprop=\"url\" href=\"https:\/\/www.hidro-rad.hr\/wp-content\/uploads\/2022\/11\/MTB-QUICK-COUPLER.pdf\" target=\"_blank\">\r\n                        <img fetchpriority=\"high\" decoding=\"async\" width=\"412\" height=\"300\" src=\"https:\/\/www.hidro-rad.hr\/wp-content\/uploads\/2021\/08\/bijela-pozadina.jpg\" class=\"attachment-full size-full\" alt=\"\" srcset=\"https:\/\/www.hidro-rad.hr\/wp-content\/uploads\/2021\/08\/bijela-pozadina.jpg 412w, https:\/\/www.hidro-rad.hr\/wp-content\/uploads\/2021\/08\/bijela-pozadina-300x218.jpg 300w\" sizes=\"(max-width: 412px) 100vw, 412px\" \/>            <div class=\"qodef-m-image\">\r\n                <img decoding=\"async\" width=\"412\" height=\"377\" src=\"https:\/\/www.hidro-rad.hr\/wp-content\/uploads\/2022\/11\/MTB_quick_coupler.png\" class=\"attachment-full size-full\" alt=\"\" srcset=\"https:\/\/www.hidro-rad.hr\/wp-content\/uploads\/2022\/11\/MTB_quick_coupler.png 412w, https:\/\/www.hidro-rad.hr\/wp-content\/uploads\/2022\/11\/MTB_quick_coupler-300x275.png 300w, https:\/\/www.hidro-rad.hr\/wp-content\/uploads\/2022\/11\/MTB_quick_coupler-13x12.png 13w\" sizes=\"(max-width: 412px) 100vw, 412px\" \/>            <\/div>\r\n                    <\/a>\r\n    <\/div>\t\t\t<div class=\"qodef-m-content\">\n\t\t\t\t<h4 class=\"qodef-m-title\" style=\"margin-top: 15px;color: #000000\">\n\t\t\t\t\t<a itemprop=\"url\" href=\"https:\/\/www.hidro-rad.hr\/wp-content\/uploads\/2022\/11\/MTB-QUICK-COUPLER.pdf\" target=\"_blank\">\n\t\t\t\t\tMTB QUICK COUPLER\t\t\t\t\t<\/a>\n\t\t\t<\/h4>\n\t\t\t\t\t<\/div>\n\t<\/div>\n\t\t<\/div>\n\t\t\t\t<\/div>\n\t\t\t\t\t<\/div>\n\t\t<\/div>\n\t\t\t\t<div class=\"elementor-column elementor-col-33 elementor-top-column elementor-element elementor-element-aee922c\" data-id=\"aee922c\" data-element_type=\"column\">\n\t\t\t<div class=\"elementor-widget-wrap\">\n\t\t\t\t\t\t\t<\/div>\n\t\t<\/div>\n\t\t\t\t\t<\/div>\n\t\t<\/section>\n\t\t\t\t<\/div>","protected":false},"excerpt":{"rendered":"<p>Brza spojka za bagere ili strojeve MTB QUICK COUPLER<\/p>","protected":false},"author":1,"featured_media":0,"parent":10155,"menu_order":10,"comment_status":"closed","ping_status":"closed","template":"page-full-width.php","meta":{"footnotes":""},"class_list":["post-15669","page","type-page","status-publish","hentry"],"yoast_head":"<!-- This site is optimized with the Yoast SEO plugin v22.7 - https:\/\/yoast.com\/wordpress\/plugins\/seo\/ -->\n<title>Brza spojka | HIDRO-RAD<\/title>\n<meta name=\"description\" content=\"MTB univerzalna brza spojka za bagere ili strojeve omogu\u0107uje brzu promjenu radnog priklju\u010dka bez napu\u0161tanja radne kabine.\" \/>\n<meta name=\"robots\" content=\"index, follow, max-snippet:-1, max-image-preview:large, max-video-preview:-1\" \/>\n<link rel=\"canonical\" href=\"https:\/\/www.hidro-rad.hr\/eng\/sales\/mtb\/quick-coupler\/\" \/>\n<meta property=\"og:locale\" content=\"en_US\" \/>\n<meta property=\"og:type\" content=\"article\" \/>\n<meta property=\"og:title\" content=\"Brza spojka | HIDRO-RAD\" \/>\n<meta property=\"og:description\" content=\"MTB univerzalna brza spojka za bagere ili strojeve omogu\u0107uje brzu promjenu radnog priklju\u010dka bez napu\u0161tanja radne kabine.\" \/>\n<meta property=\"og:url\" content=\"https:\/\/www.hidro-rad.hr\/eng\/sales\/mtb\/quick-coupler\/\" \/>\n<meta property=\"og:site_name\" content=\"HIDRO-RAD\" \/>\n<meta property=\"article:publisher\" content=\"https:\/\/www.facebook.com\/hidrorad\/photos\/?ref=page_internal\" \/>\n<meta property=\"article:modified_time\" content=\"2022-11-28T19:36:46+00:00\" \/>\n<meta property=\"og:image\" content=\"https:\/\/www.hidro-rad.hr\/wp-content\/uploads\/2021\/08\/bijela-pozadina.jpg\" \/>\n<meta name=\"twitter:card\" content=\"summary_large_image\" \/>\n<script type=\"application\/ld+json\" class=\"yoast-schema-graph\">{\"@context\":\"https:\/\/schema.org\",\"@graph\":[{\"@type\":\"WebPage\",\"@id\":\"https:\/\/www.hidro-rad.hr\/prodaja\/mtb\/brza-spojka\/\",\"url\":\"https:\/\/www.hidro-rad.hr\/prodaja\/mtb\/brza-spojka\/\",\"name\":\"Brza spojka | HIDRO-RAD\",\"isPartOf\":{\"@id\":\"https:\/\/www.hidro-rad.hr\/#website\"},\"primaryImageOfPage\":{\"@id\":\"https:\/\/www.hidro-rad.hr\/prodaja\/mtb\/brza-spojka\/#primaryimage\"},\"image\":{\"@id\":\"https:\/\/www.hidro-rad.hr\/prodaja\/mtb\/brza-spojka\/#primaryimage\"},\"thumbnailUrl\":\"https:\/\/www.hidro-rad.hr\/wp-content\/uploads\/2021\/08\/bijela-pozadina.jpg\",\"datePublished\":\"2022-11-27T17:42:49+00:00\",\"dateModified\":\"2022-11-28T19:36:46+00:00\",\"description\":\"MTB univerzalna brza spojka za bagere ili strojeve omogu\u0107uje brzu promjenu radnog priklju\u010dka bez napu\u0161tanja radne kabine.\",\"breadcrumb\":{\"@id\":\"https:\/\/www.hidro-rad.hr\/prodaja\/mtb\/brza-spojka\/#breadcrumb\"},\"inLanguage\":\"en-US\",\"potentialAction\":[{\"@type\":\"ReadAction\",\"target\":[\"https:\/\/www.hidro-rad.hr\/prodaja\/mtb\/brza-spojka\/\"]}]},{\"@type\":\"ImageObject\",\"inLanguage\":\"en-US\",\"@id\":\"https:\/\/www.hidro-rad.hr\/prodaja\/mtb\/brza-spojka\/#primaryimage\",\"url\":\"https:\/\/www.hidro-rad.hr\/wp-content\/uploads\/2021\/08\/bijela-pozadina.jpg\",\"contentUrl\":\"https:\/\/www.hidro-rad.hr\/wp-content\/uploads\/2021\/08\/bijela-pozadina.jpg\"},{\"@type\":\"BreadcrumbList\",\"@id\":\"https:\/\/www.hidro-rad.hr\/prodaja\/mtb\/brza-spojka\/#breadcrumb\",\"itemListElement\":[{\"@type\":\"ListItem\",\"position\":1,\"name\":\"Home\",\"item\":\"https:\/\/www.hidro-rad.hr\/\"},{\"@type\":\"ListItem\",\"position\":2,\"name\":\"PRODAJA\",\"item\":\"https:\/\/www.hidro-rad.hr\/prodaja\/\"},{\"@type\":\"ListItem\",\"position\":3,\"name\":\"MTB\",\"item\":\"https:\/\/www.hidro-rad.hr\/prodaja\/mtb\/\"},{\"@type\":\"ListItem\",\"position\":4,\"name\":\"Brza spojka\"}]},{\"@type\":\"WebSite\",\"@id\":\"https:\/\/www.hidro-rad.hr\/#website\",\"url\":\"https:\/\/www.hidro-rad.hr\/\",\"name\":\"HIDRO-RAD\",\"description\":\"Poduze\u0107e za prodaju, najam i servis gra\u0111evinskih strojeva\",\"publisher\":{\"@id\":\"https:\/\/www.hidro-rad.hr\/#organization\"},\"potentialAction\":[{\"@type\":\"SearchAction\",\"target\":{\"@type\":\"EntryPoint\",\"urlTemplate\":\"https:\/\/www.hidro-rad.hr\/?s={search_term_string}\"},\"query-input\":\"required name=search_term_string\"}],\"inLanguage\":\"en-US\"},{\"@type\":\"Organization\",\"@id\":\"https:\/\/www.hidro-rad.hr\/#organization\",\"name\":\"HIDRO-RAD\",\"url\":\"https:\/\/www.hidro-rad.hr\/\",\"logo\":{\"@type\":\"ImageObject\",\"inLanguage\":\"en-US\",\"@id\":\"https:\/\/www.hidro-rad.hr\/#\/schema\/logo\/image\/\",\"url\":\"https:\/\/www.hidro-rad.hr\/wp-content\/uploads\/2024\/04\/512x512-hidro-rad.png\",\"contentUrl\":\"https:\/\/www.hidro-rad.hr\/wp-content\/uploads\/2024\/04\/512x512-hidro-rad.png\",\"width\":512,\"height\":512,\"caption\":\"HIDRO-RAD\"},\"image\":{\"@id\":\"https:\/\/www.hidro-rad.hr\/#\/schema\/logo\/image\/\"},\"sameAs\":[\"https:\/\/www.facebook.com\/hidrorad\/photos\/?ref=page_internal\",\"https:\/\/www.instagram.com\/hidrorad_druzic\/\"]}]}<\/script>\n<!-- \/ Yoast SEO plugin. -->","yoast_head_json":{"title":"Brza spojka | HIDRO-RAD","description":"MTB univerzalna brza spojka za bagere ili strojeve omogu\u0107uje brzu promjenu radnog priklju\u010dka bez napu\u0161tanja radne kabine.","robots":{"index":"index","follow":"follow","max-snippet":"max-snippet:-1","max-image-preview":"max-image-preview:large","max-video-preview":"max-video-preview:-1"},"canonical":"https:\/\/www.hidro-rad.hr\/eng\/sales\/mtb\/quick-coupler\/","og_locale":"en_US","og_type":"article","og_title":"Brza spojka | HIDRO-RAD","og_description":"MTB univerzalna brza spojka za bagere ili strojeve omogu\u0107uje brzu promjenu radnog priklju\u010dka bez napu\u0161tanja radne kabine.","og_url":"https:\/\/www.hidro-rad.hr\/eng\/sales\/mtb\/quick-coupler\/","og_site_name":"HIDRO-RAD","article_publisher":"https:\/\/www.facebook.com\/hidrorad\/photos\/?ref=page_internal","article_modified_time":"2022-11-28T19:36:46+00:00","og_image":[{"url":"https:\/\/www.hidro-rad.hr\/wp-content\/uploads\/2021\/08\/bijela-pozadina.jpg"}],"twitter_card":"summary_large_image","schema":{"@context":"https:\/\/schema.org","@graph":[{"@type":"WebPage","@id":"https:\/\/www.hidro-rad.hr\/prodaja\/mtb\/brza-spojka\/","url":"https:\/\/www.hidro-rad.hr\/prodaja\/mtb\/brza-spojka\/","name":"Brza spojka | HIDRO-RAD","isPartOf":{"@id":"https:\/\/www.hidro-rad.hr\/#website"},"primaryImageOfPage":{"@id":"https:\/\/www.hidro-rad.hr\/prodaja\/mtb\/brza-spojka\/#primaryimage"},"image":{"@id":"https:\/\/www.hidro-rad.hr\/prodaja\/mtb\/brza-spojka\/#primaryimage"},"thumbnailUrl":"https:\/\/www.hidro-rad.hr\/wp-content\/uploads\/2021\/08\/bijela-pozadina.jpg","datePublished":"2022-11-27T17:42:49+00:00","dateModified":"2022-11-28T19:36:46+00:00","description":"MTB univerzalna brza spojka za bagere ili strojeve omogu\u0107uje brzu promjenu radnog priklju\u010dka bez napu\u0161tanja radne kabine.","breadcrumb":{"@id":"https:\/\/www.hidro-rad.hr\/prodaja\/mtb\/brza-spojka\/#breadcrumb"},"inLanguage":"en-US","potentialAction":[{"@type":"ReadAction","target":["https:\/\/www.hidro-rad.hr\/prodaja\/mtb\/brza-spojka\/"]}]},{"@type":"ImageObject","inLanguage":"en-US","@id":"https:\/\/www.hidro-rad.hr\/prodaja\/mtb\/brza-spojka\/#primaryimage","url":"https:\/\/www.hidro-rad.hr\/wp-content\/uploads\/2021\/08\/bijela-pozadina.jpg","contentUrl":"https:\/\/www.hidro-rad.hr\/wp-content\/uploads\/2021\/08\/bijela-pozadina.jpg"},{"@type":"BreadcrumbList","@id":"https:\/\/www.hidro-rad.hr\/prodaja\/mtb\/brza-spojka\/#breadcrumb","itemListElement":[{"@type":"ListItem","position":1,"name":"Home","item":"https:\/\/www.hidro-rad.hr\/"},{"@type":"ListItem","position":2,"name":"PRODAJA","item":"https:\/\/www.hidro-rad.hr\/prodaja\/"},{"@type":"ListItem","position":3,"name":"MTB","item":"https:\/\/www.hidro-rad.hr\/prodaja\/mtb\/"},{"@type":"ListItem","position":4,"name":"Brza spojka"}]},{"@type":"WebSite","@id":"https:\/\/www.hidro-rad.hr\/#website","url":"https:\/\/www.hidro-rad.hr\/","name":"HIDRO-RAD","description":"Poduze\u0107e za prodaju, najam i servis gra\u0111evinskih strojeva","publisher":{"@id":"https:\/\/www.hidro-rad.hr\/#organization"},"potentialAction":[{"@type":"SearchAction","target":{"@type":"EntryPoint","urlTemplate":"https:\/\/www.hidro-rad.hr\/?s={search_term_string}"},"query-input":"required name=search_term_string"}],"inLanguage":"en-US"},{"@type":"Organization","@id":"https:\/\/www.hidro-rad.hr\/#organization","name":"HIDRO-RAD","url":"https:\/\/www.hidro-rad.hr\/","logo":{"@type":"ImageObject","inLanguage":"en-US","@id":"https:\/\/www.hidro-rad.hr\/#\/schema\/logo\/image\/","url":"https:\/\/www.hidro-rad.hr\/wp-content\/uploads\/2024\/04\/512x512-hidro-rad.png","contentUrl":"https:\/\/www.hidro-rad.hr\/wp-content\/uploads\/2024\/04\/512x512-hidro-rad.png","width":512,"height":512,"caption":"HIDRO-RAD"},"image":{"@id":"https:\/\/www.hidro-rad.hr\/#\/schema\/logo\/image\/"},"sameAs":["https:\/\/www.facebook.com\/hidrorad\/photos\/?ref=page_internal","https:\/\/www.instagram.com\/hidrorad_druzic\/"]}]}},"_links":{"self":[{"href":"https:\/\/www.hidro-rad.hr\/eng\/wp-json\/wp\/v2\/pages\/15669","targetHints":{"allow":["GET"]}}],"collection":[{"href":"https:\/\/www.hidro-rad.hr\/eng\/wp-json\/wp\/v2\/pages"}],"about":[{"href":"https:\/\/www.hidro-rad.hr\/eng\/wp-json\/wp\/v2\/types\/page"}],"author":[{"embeddable":true,"href":"https:\/\/www.hidro-rad.hr\/eng\/wp-json\/wp\/v2\/users\/1"}],"replies":[{"embeddable":true,"href":"https:\/\/www.hidro-rad.hr\/eng\/wp-json\/wp\/v2\/comments?post=15669"}],"version-history":[{"count":24,"href":"https:\/\/www.hidro-rad.hr\/eng\/wp-json\/wp\/v2\/pages\/15669\/revisions"}],"predecessor-version":[{"id":15797,"href":"https:\/\/www.hidro-rad.hr\/eng\/wp-json\/wp\/v2\/pages\/15669\/revisions\/15797"}],"up":[{"embeddable":true,"href":"https:\/\/www.hidro-rad.hr\/eng\/wp-json\/wp\/v2\/pages\/10155"}],"wp:attachment":[{"href":"https:\/\/www.hidro-rad.hr\/eng\/wp-json\/wp\/v2\/media?parent=15669"}],"curies":[{"name":"wp","href":"https:\/\/api.w.org\/{rel}","templated":true}]}}