{"id":15663,"date":"2022-11-27T17:24:54","date_gmt":"2022-11-27T17:24:54","guid":{"rendered":"https:\/\/www.hidro-rad.hr\/?page_id=15663"},"modified":"2022-11-27T21:39:28","modified_gmt":"2022-11-27T21:39:28","slug":"razbijaci-pilota","status":"publish","type":"page","link":"https:\/\/www.hidro-rad.hr\/eng\/sales\/mtb\/pile-breakers\/","title":{"rendered":"Pile Breaker"},"content":{"rendered":"<div data-elementor-type=\"wp-page\" data-elementor-id=\"15663\" class=\"elementor elementor-15663\">\n\t\t\t\t\t\t<section class=\"elementor-section elementor-top-section elementor-element elementor-element-acbfe45 elementor-section-boxed elementor-section-height-default elementor-section-height-default qodef-elementor-content-no\" data-id=\"acbfe45\" data-element_type=\"section\">\n\t\t\t\t\t\t<div class=\"elementor-container elementor-column-gap-default\">\n\t\t\t\t\t<div class=\"elementor-column elementor-col-100 elementor-top-column elementor-element elementor-element-fc89e29\" data-id=\"fc89e29\" data-element_type=\"column\">\n\t\t\t<div class=\"elementor-widget-wrap elementor-element-populated\">\n\t\t\t\t\t\t<div class=\"elementor-element elementor-element-6b3865f elementor-widget elementor-widget-qi_addons_for_elementor_animated_text\" data-id=\"6b3865f\" data-element_type=\"widget\" data-settings=\"{&quot;_animation&quot;:&quot;none&quot;}\" data-widget_type=\"qi_addons_for_elementor_animated_text.default\">\n\t\t\t\t<div class=\"elementor-widget-container\">\n\t\t\t<style>.elementor-element-6b3865f{display:none !important}<\/style>\t\t<\/div>\n\t\t\t\t<\/div>\n\t\t\t\t\t<\/div>\n\t\t<\/div>\n\t\t\t\t\t<\/div>\n\t\t<\/section>\n\t\t\t\t<section class=\"elementor-section elementor-top-section elementor-element elementor-element-412d434 elementor-section-boxed elementor-section-height-default elementor-section-height-default qodef-elementor-content-no\" data-id=\"412d434\" data-element_type=\"section\">\n\t\t\t\t\t\t<div class=\"elementor-container elementor-column-gap-default\">\n\t\t\t\t\t<div class=\"elementor-column elementor-col-33 elementor-top-column elementor-element elementor-element-ae0ec38\" data-id=\"ae0ec38\" data-element_type=\"column\">\n\t\t\t<div class=\"elementor-widget-wrap elementor-element-populated\">\n\t\t\t\t\t\t<div class=\"elementor-element elementor-element-b7279eb elementor-invisible elementor-widget elementor-widget-techlink_core_image_with_text\" data-id=\"b7279eb\" data-element_type=\"widget\" data-settings=\"{&quot;_animation&quot;:&quot;zoomIn&quot;}\" data-widget_type=\"techlink_core_image_with_text.default\">\n\t\t\t\t<div class=\"elementor-widget-container\">\n\t\t\t<div class=\"qodef-shortcode qodef-m  qodef-image-with-text qodef-layout--text-below\">\n    <div class=\"qodef-m-background-image\">\r\n            <a itemprop=\"url\" href=\"https:\/\/www.hidro-rad.hr\/wp-content\/uploads\/2022\/11\/MTB-4-MODULES-PILE-BREAKER.pdf\" target=\"_blank\">\r\n                        <img fetchpriority=\"high\" decoding=\"async\" width=\"412\" height=\"300\" src=\"https:\/\/www.hidro-rad.hr\/wp-content\/uploads\/2021\/08\/bijela-pozadina.jpg\" class=\"attachment-full size-full\" alt=\"\" srcset=\"https:\/\/www.hidro-rad.hr\/wp-content\/uploads\/2021\/08\/bijela-pozadina.jpg 412w, https:\/\/www.hidro-rad.hr\/wp-content\/uploads\/2021\/08\/bijela-pozadina-300x218.jpg 300w\" sizes=\"(max-width: 412px) 100vw, 412px\" \/>            <div class=\"qodef-m-image\">\r\n                <img decoding=\"async\" width=\"412\" height=\"377\" src=\"https:\/\/www.hidro-rad.hr\/wp-content\/uploads\/2022\/11\/MTB-4-MODULES.png\" class=\"attachment-full size-full\" alt=\"\" srcset=\"https:\/\/www.hidro-rad.hr\/wp-content\/uploads\/2022\/11\/MTB-4-MODULES.png 412w, https:\/\/www.hidro-rad.hr\/wp-content\/uploads\/2022\/11\/MTB-4-MODULES-300x275.png 300w, https:\/\/www.hidro-rad.hr\/wp-content\/uploads\/2022\/11\/MTB-4-MODULES-13x12.png 13w\" sizes=\"(max-width: 412px) 100vw, 412px\" \/>            <\/div>\r\n                    <\/a>\r\n    <\/div>\t\t\t<div class=\"qodef-m-content\">\n\t\t\t\t<h4 class=\"qodef-m-title\" style=\"margin-top: 15px;color: #000000\">\n\t\t\t\t\t<a itemprop=\"url\" href=\"https:\/\/www.hidro-rad.hr\/wp-content\/uploads\/2022\/11\/MTB-4-MODULES-PILE-BREAKER.pdf\" target=\"_blank\">\n\t\t\t\t\tMTB 4 MODULA\t\t\t\t\t<\/a>\n\t\t\t<\/h4>\n\t\t\t\t\t<\/div>\n\t<\/div>\n\t\t<\/div>\n\t\t\t\t<\/div>\n\t\t\t\t\t<\/div>\n\t\t<\/div>\n\t\t\t\t<div class=\"elementor-column elementor-col-33 elementor-top-column elementor-element elementor-element-e2f957f\" data-id=\"e2f957f\" data-element_type=\"column\">\n\t\t\t<div class=\"elementor-widget-wrap elementor-element-populated\">\n\t\t\t\t\t\t<div class=\"elementor-element elementor-element-359b82c elementor-invisible elementor-widget elementor-widget-techlink_core_image_with_text\" data-id=\"359b82c\" data-element_type=\"widget\" data-settings=\"{&quot;_animation&quot;:&quot;zoomIn&quot;}\" data-widget_type=\"techlink_core_image_with_text.default\">\n\t\t\t\t<div class=\"elementor-widget-container\">\n\t\t\t<div class=\"qodef-shortcode qodef-m  qodef-image-with-text qodef-layout--text-below\">\n    <div class=\"qodef-m-background-image\">\r\n            <a itemprop=\"url\" href=\"https:\/\/www.hidro-rad.hr\/wp-content\/uploads\/2022\/11\/MTB-8-MODULES-PILE-BREAKER.pdf\" target=\"_blank\">\r\n                        <img fetchpriority=\"high\" decoding=\"async\" width=\"412\" height=\"300\" src=\"https:\/\/www.hidro-rad.hr\/wp-content\/uploads\/2021\/08\/bijela-pozadina.jpg\" class=\"attachment-full size-full\" alt=\"\" srcset=\"https:\/\/www.hidro-rad.hr\/wp-content\/uploads\/2021\/08\/bijela-pozadina.jpg 412w, https:\/\/www.hidro-rad.hr\/wp-content\/uploads\/2021\/08\/bijela-pozadina-300x218.jpg 300w\" sizes=\"(max-width: 412px) 100vw, 412px\" \/>            <div class=\"qodef-m-image\">\r\n                <img decoding=\"async\" width=\"412\" height=\"377\" src=\"https:\/\/www.hidro-rad.hr\/wp-content\/uploads\/2022\/11\/MTB-8-MODULES.png\" class=\"attachment-full size-full\" alt=\"\" srcset=\"https:\/\/www.hidro-rad.hr\/wp-content\/uploads\/2022\/11\/MTB-8-MODULES.png 412w, https:\/\/www.hidro-rad.hr\/wp-content\/uploads\/2022\/11\/MTB-8-MODULES-300x275.png 300w, https:\/\/www.hidro-rad.hr\/wp-content\/uploads\/2022\/11\/MTB-8-MODULES-13x12.png 13w\" sizes=\"(max-width: 412px) 100vw, 412px\" \/>            <\/div>\r\n                    <\/a>\r\n    <\/div>\t\t\t<div class=\"qodef-m-content\">\n\t\t\t\t<h4 class=\"qodef-m-title\" style=\"margin-top: 15px;color: #000000\">\n\t\t\t\t\t<a itemprop=\"url\" href=\"https:\/\/www.hidro-rad.hr\/wp-content\/uploads\/2022\/11\/MTB-8-MODULES-PILE-BREAKER.pdf\" target=\"_blank\">\n\t\t\t\t\tMTB 8 MODULA\t\t\t\t\t<\/a>\n\t\t\t<\/h4>\n\t\t\t\t\t<\/div>\n\t<\/div>\n\t\t<\/div>\n\t\t\t\t<\/div>\n\t\t\t\t\t<\/div>\n\t\t<\/div>\n\t\t\t\t<div class=\"elementor-column elementor-col-33 elementor-top-column elementor-element elementor-element-4ee2cb3\" data-id=\"4ee2cb3\" data-element_type=\"column\">\n\t\t\t<div class=\"elementor-widget-wrap elementor-element-populated\">\n\t\t\t\t\t\t<div class=\"elementor-element elementor-element-0364aef elementor-invisible elementor-widget elementor-widget-techlink_core_image_with_text\" data-id=\"0364aef\" data-element_type=\"widget\" data-settings=\"{&quot;_animation&quot;:&quot;zoomIn&quot;}\" data-widget_type=\"techlink_core_image_with_text.default\">\n\t\t\t\t<div class=\"elementor-widget-container\">\n\t\t\t<div class=\"qodef-shortcode qodef-m  qodef-image-with-text qodef-layout--text-below\">\n    <div class=\"qodef-m-background-image\">\r\n            <a itemprop=\"url\" href=\"https:\/\/www.hidro-rad.hr\/wp-content\/uploads\/2022\/11\/MTB-10-MODULES-PILE-BREAKER.pdf\" target=\"_blank\">\r\n                        <img fetchpriority=\"high\" decoding=\"async\" width=\"412\" height=\"300\" src=\"https:\/\/www.hidro-rad.hr\/wp-content\/uploads\/2021\/08\/bijela-pozadina.jpg\" class=\"attachment-full size-full\" alt=\"\" srcset=\"https:\/\/www.hidro-rad.hr\/wp-content\/uploads\/2021\/08\/bijela-pozadina.jpg 412w, https:\/\/www.hidro-rad.hr\/wp-content\/uploads\/2021\/08\/bijela-pozadina-300x218.jpg 300w\" sizes=\"(max-width: 412px) 100vw, 412px\" \/>            <div class=\"qodef-m-image\">\r\n                <img loading=\"lazy\" decoding=\"async\" width=\"412\" height=\"377\" src=\"https:\/\/www.hidro-rad.hr\/wp-content\/uploads\/2022\/11\/MTB-10-MODULES.png\" class=\"attachment-full size-full\" alt=\"\" srcset=\"https:\/\/www.hidro-rad.hr\/wp-content\/uploads\/2022\/11\/MTB-10-MODULES.png 412w, https:\/\/www.hidro-rad.hr\/wp-content\/uploads\/2022\/11\/MTB-10-MODULES-300x275.png 300w, https:\/\/www.hidro-rad.hr\/wp-content\/uploads\/2022\/11\/MTB-10-MODULES-13x12.png 13w\" sizes=\"(max-width: 412px) 100vw, 412px\" \/>            <\/div>\r\n                    <\/a>\r\n    <\/div>\t\t\t<div class=\"qodef-m-content\">\n\t\t\t\t<h4 class=\"qodef-m-title\" style=\"margin-top: 15px;color: #000000\">\n\t\t\t\t\t<a itemprop=\"url\" href=\"https:\/\/www.hidro-rad.hr\/wp-content\/uploads\/2022\/11\/MTB-10-MODULES-PILE-BREAKER.pdf\" target=\"_blank\">\n\t\t\t\t\tMTB 10 MODULA\t\t\t\t\t<\/a>\n\t\t\t<\/h4>\n\t\t\t\t\t<\/div>\n\t<\/div>\n\t\t<\/div>\n\t\t\t\t<\/div>\n\t\t\t\t\t<\/div>\n\t\t<\/div>\n\t\t\t\t\t<\/div>\n\t\t<\/section>\n\t\t\t\t<section class=\"elementor-section elementor-top-section elementor-element elementor-element-4d580df elementor-section-boxed elementor-section-height-default elementor-section-height-default qodef-elementor-content-no\" data-id=\"4d580df\" data-element_type=\"section\">\n\t\t\t\t\t\t<div class=\"elementor-container elementor-column-gap-default\">\n\t\t\t\t\t<div class=\"elementor-column elementor-col-33 elementor-top-column elementor-element elementor-element-1b2c45c\" data-id=\"1b2c45c\" data-element_type=\"column\">\n\t\t\t<div class=\"elementor-widget-wrap elementor-element-populated\">\n\t\t\t\t\t\t<div class=\"elementor-element elementor-element-0fc7a4b elementor-invisible elementor-widget elementor-widget-techlink_core_image_with_text\" data-id=\"0fc7a4b\" data-element_type=\"widget\" data-settings=\"{&quot;_animation&quot;:&quot;zoomIn&quot;,&quot;_animation_delay&quot;:1000}\" data-widget_type=\"techlink_core_image_with_text.default\">\n\t\t\t\t<div class=\"elementor-widget-container\">\n\t\t\t<div class=\"qodef-shortcode qodef-m  qodef-image-with-text qodef-layout--text-below\">\n    <div class=\"qodef-m-background-image\">\r\n            <a itemprop=\"url\" href=\"https:\/\/www.hidro-rad.hr\/wp-content\/uploads\/2022\/11\/MTB-12-MODULES-PILE-BREAKER.pdf\" target=\"_blank\">\r\n                        <img fetchpriority=\"high\" decoding=\"async\" width=\"412\" height=\"300\" src=\"https:\/\/www.hidro-rad.hr\/wp-content\/uploads\/2021\/08\/bijela-pozadina.jpg\" class=\"attachment-full size-full\" alt=\"\" srcset=\"https:\/\/www.hidro-rad.hr\/wp-content\/uploads\/2021\/08\/bijela-pozadina.jpg 412w, https:\/\/www.hidro-rad.hr\/wp-content\/uploads\/2021\/08\/bijela-pozadina-300x218.jpg 300w\" sizes=\"(max-width: 412px) 100vw, 412px\" \/>            <div class=\"qodef-m-image\">\r\n                <img loading=\"lazy\" decoding=\"async\" width=\"412\" height=\"377\" src=\"https:\/\/www.hidro-rad.hr\/wp-content\/uploads\/2022\/11\/MTB-12-MODULES.png\" class=\"attachment-full size-full\" alt=\"\" srcset=\"https:\/\/www.hidro-rad.hr\/wp-content\/uploads\/2022\/11\/MTB-12-MODULES.png 412w, https:\/\/www.hidro-rad.hr\/wp-content\/uploads\/2022\/11\/MTB-12-MODULES-300x275.png 300w, https:\/\/www.hidro-rad.hr\/wp-content\/uploads\/2022\/11\/MTB-12-MODULES-13x12.png 13w\" sizes=\"(max-width: 412px) 100vw, 412px\" \/>            <\/div>\r\n                    <\/a>\r\n    <\/div>\t\t\t<div class=\"qodef-m-content\">\n\t\t\t\t<h4 class=\"qodef-m-title\" style=\"margin-top: 15px;color: #000000\">\n\t\t\t\t\t<a itemprop=\"url\" href=\"https:\/\/www.hidro-rad.hr\/wp-content\/uploads\/2022\/11\/MTB-12-MODULES-PILE-BREAKER.pdf\" target=\"_blank\">\n\t\t\t\t\tMTB 12 MODULA\t\t\t\t\t<\/a>\n\t\t\t<\/h4>\n\t\t\t\t\t<\/div>\n\t<\/div>\n\t\t<\/div>\n\t\t\t\t<\/div>\n\t\t\t\t\t<\/div>\n\t\t<\/div>\n\t\t\t\t<div class=\"elementor-column elementor-col-33 elementor-top-column elementor-element elementor-element-8f96953\" data-id=\"8f96953\" data-element_type=\"column\">\n\t\t\t<div class=\"elementor-widget-wrap\">\n\t\t\t\t\t\t\t<\/div>\n\t\t<\/div>\n\t\t\t\t<div class=\"elementor-column elementor-col-33 elementor-top-column elementor-element elementor-element-f97128f\" data-id=\"f97128f\" data-element_type=\"column\">\n\t\t\t<div class=\"elementor-widget-wrap\">\n\t\t\t\t\t\t\t<\/div>\n\t\t<\/div>\n\t\t\t\t\t<\/div>\n\t\t<\/section>\n\t\t\t\t<\/div>","protected":false},"excerpt":{"rendered":"<p>RAZBIJA\u010cI PILOTA MTB 4 MODULA MTB 8 MODULA MTB 10 MODULA MTB 12 MODULA<\/p>","protected":false},"author":1,"featured_media":0,"parent":10155,"menu_order":6,"comment_status":"closed","ping_status":"closed","template":"page-full-width.php","meta":{"footnotes":""},"class_list":["post-15663","page","type-page","status-publish","hentry"],"yoast_head":"<!-- This site is optimized with the Yoast SEO plugin v22.7 - https:\/\/yoast.com\/wordpress\/plugins\/seo\/ -->\n<title>Razbija\u010di pilota | HIDRO-RAD<\/title>\n<meta name=\"description\" content=\"Hidrauli\u010dki sustav za rezanje betona koji se mo\u017ee modificirati kako bi odgovarao svim promjerima betonskih pilota ili gra\u0111evinskih stupova.\" \/>\n<meta name=\"robots\" content=\"index, follow, max-snippet:-1, max-image-preview:large, max-video-preview:-1\" \/>\n<link rel=\"canonical\" href=\"https:\/\/www.hidro-rad.hr\/eng\/sales\/mtb\/pile-breakers\/\" \/>\n<meta property=\"og:locale\" content=\"en_US\" \/>\n<meta property=\"og:type\" content=\"article\" \/>\n<meta property=\"og:title\" content=\"Razbija\u010di pilota | HIDRO-RAD\" \/>\n<meta property=\"og:description\" content=\"Hidrauli\u010dki sustav za rezanje betona koji se mo\u017ee modificirati kako bi odgovarao svim promjerima betonskih pilota ili gra\u0111evinskih stupova.\" \/>\n<meta property=\"og:url\" content=\"https:\/\/www.hidro-rad.hr\/eng\/sales\/mtb\/pile-breakers\/\" \/>\n<meta property=\"og:site_name\" content=\"HIDRO-RAD\" \/>\n<meta property=\"article:publisher\" content=\"https:\/\/www.facebook.com\/hidrorad\/photos\/?ref=page_internal\" \/>\n<meta property=\"article:modified_time\" content=\"2022-11-27T21:39:28+00:00\" \/>\n<meta property=\"og:image\" content=\"https:\/\/www.hidro-rad.hr\/wp-content\/uploads\/2021\/08\/bijela-pozadina.jpg\" \/>\n<meta name=\"twitter:card\" content=\"summary_large_image\" \/>\n<script type=\"application\/ld+json\" class=\"yoast-schema-graph\">{\"@context\":\"https:\/\/schema.org\",\"@graph\":[{\"@type\":\"WebPage\",\"@id\":\"https:\/\/www.hidro-rad.hr\/prodaja\/mtb\/razbijaci-pilota\/\",\"url\":\"https:\/\/www.hidro-rad.hr\/prodaja\/mtb\/razbijaci-pilota\/\",\"name\":\"Razbija\u010di pilota | HIDRO-RAD\",\"isPartOf\":{\"@id\":\"https:\/\/www.hidro-rad.hr\/#website\"},\"primaryImageOfPage\":{\"@id\":\"https:\/\/www.hidro-rad.hr\/prodaja\/mtb\/razbijaci-pilota\/#primaryimage\"},\"image\":{\"@id\":\"https:\/\/www.hidro-rad.hr\/prodaja\/mtb\/razbijaci-pilota\/#primaryimage\"},\"thumbnailUrl\":\"https:\/\/www.hidro-rad.hr\/wp-content\/uploads\/2021\/08\/bijela-pozadina.jpg\",\"datePublished\":\"2022-11-27T17:24:54+00:00\",\"dateModified\":\"2022-11-27T21:39:28+00:00\",\"description\":\"Hidrauli\u010dki sustav za rezanje betona koji se mo\u017ee modificirati kako bi odgovarao svim promjerima betonskih pilota ili gra\u0111evinskih stupova.\",\"breadcrumb\":{\"@id\":\"https:\/\/www.hidro-rad.hr\/prodaja\/mtb\/razbijaci-pilota\/#breadcrumb\"},\"inLanguage\":\"en-US\",\"potentialAction\":[{\"@type\":\"ReadAction\",\"target\":[\"https:\/\/www.hidro-rad.hr\/prodaja\/mtb\/razbijaci-pilota\/\"]}]},{\"@type\":\"ImageObject\",\"inLanguage\":\"en-US\",\"@id\":\"https:\/\/www.hidro-rad.hr\/prodaja\/mtb\/razbijaci-pilota\/#primaryimage\",\"url\":\"https:\/\/www.hidro-rad.hr\/wp-content\/uploads\/2021\/08\/bijela-pozadina.jpg\",\"contentUrl\":\"https:\/\/www.hidro-rad.hr\/wp-content\/uploads\/2021\/08\/bijela-pozadina.jpg\"},{\"@type\":\"BreadcrumbList\",\"@id\":\"https:\/\/www.hidro-rad.hr\/prodaja\/mtb\/razbijaci-pilota\/#breadcrumb\",\"itemListElement\":[{\"@type\":\"ListItem\",\"position\":1,\"name\":\"Home\",\"item\":\"https:\/\/www.hidro-rad.hr\/\"},{\"@type\":\"ListItem\",\"position\":2,\"name\":\"PRODAJA\",\"item\":\"https:\/\/www.hidro-rad.hr\/prodaja\/\"},{\"@type\":\"ListItem\",\"position\":3,\"name\":\"MTB\",\"item\":\"https:\/\/www.hidro-rad.hr\/prodaja\/mtb\/\"},{\"@type\":\"ListItem\",\"position\":4,\"name\":\"Razbija\u010di pilota\"}]},{\"@type\":\"WebSite\",\"@id\":\"https:\/\/www.hidro-rad.hr\/#website\",\"url\":\"https:\/\/www.hidro-rad.hr\/\",\"name\":\"HIDRO-RAD\",\"description\":\"Poduze\u0107e za prodaju, najam i servis gra\u0111evinskih strojeva\",\"publisher\":{\"@id\":\"https:\/\/www.hidro-rad.hr\/#organization\"},\"potentialAction\":[{\"@type\":\"SearchAction\",\"target\":{\"@type\":\"EntryPoint\",\"urlTemplate\":\"https:\/\/www.hidro-rad.hr\/?s={search_term_string}\"},\"query-input\":\"required name=search_term_string\"}],\"inLanguage\":\"en-US\"},{\"@type\":\"Organization\",\"@id\":\"https:\/\/www.hidro-rad.hr\/#organization\",\"name\":\"HIDRO-RAD\",\"url\":\"https:\/\/www.hidro-rad.hr\/\",\"logo\":{\"@type\":\"ImageObject\",\"inLanguage\":\"en-US\",\"@id\":\"https:\/\/www.hidro-rad.hr\/#\/schema\/logo\/image\/\",\"url\":\"https:\/\/www.hidro-rad.hr\/wp-content\/uploads\/2024\/04\/512x512-hidro-rad.png\",\"contentUrl\":\"https:\/\/www.hidro-rad.hr\/wp-content\/uploads\/2024\/04\/512x512-hidro-rad.png\",\"width\":512,\"height\":512,\"caption\":\"HIDRO-RAD\"},\"image\":{\"@id\":\"https:\/\/www.hidro-rad.hr\/#\/schema\/logo\/image\/\"},\"sameAs\":[\"https:\/\/www.facebook.com\/hidrorad\/photos\/?ref=page_internal\",\"https:\/\/www.instagram.com\/hidrorad_druzic\/\"]}]}<\/script>\n<!-- \/ Yoast SEO plugin. -->","yoast_head_json":{"title":"Razbija\u010di pilota | HIDRO-RAD","description":"Hidrauli\u010dki sustav za rezanje betona koji se mo\u017ee modificirati kako bi odgovarao svim promjerima betonskih pilota ili gra\u0111evinskih stupova.","robots":{"index":"index","follow":"follow","max-snippet":"max-snippet:-1","max-image-preview":"max-image-preview:large","max-video-preview":"max-video-preview:-1"},"canonical":"https:\/\/www.hidro-rad.hr\/eng\/sales\/mtb\/pile-breakers\/","og_locale":"en_US","og_type":"article","og_title":"Razbija\u010di pilota | HIDRO-RAD","og_description":"Hidrauli\u010dki sustav za rezanje betona koji se mo\u017ee modificirati kako bi odgovarao svim promjerima betonskih pilota ili gra\u0111evinskih stupova.","og_url":"https:\/\/www.hidro-rad.hr\/eng\/sales\/mtb\/pile-breakers\/","og_site_name":"HIDRO-RAD","article_publisher":"https:\/\/www.facebook.com\/hidrorad\/photos\/?ref=page_internal","article_modified_time":"2022-11-27T21:39:28+00:00","og_image":[{"url":"https:\/\/www.hidro-rad.hr\/wp-content\/uploads\/2021\/08\/bijela-pozadina.jpg"}],"twitter_card":"summary_large_image","schema":{"@context":"https:\/\/schema.org","@graph":[{"@type":"WebPage","@id":"https:\/\/www.hidro-rad.hr\/prodaja\/mtb\/razbijaci-pilota\/","url":"https:\/\/www.hidro-rad.hr\/prodaja\/mtb\/razbijaci-pilota\/","name":"Razbija\u010di pilota | HIDRO-RAD","isPartOf":{"@id":"https:\/\/www.hidro-rad.hr\/#website"},"primaryImageOfPage":{"@id":"https:\/\/www.hidro-rad.hr\/prodaja\/mtb\/razbijaci-pilota\/#primaryimage"},"image":{"@id":"https:\/\/www.hidro-rad.hr\/prodaja\/mtb\/razbijaci-pilota\/#primaryimage"},"thumbnailUrl":"https:\/\/www.hidro-rad.hr\/wp-content\/uploads\/2021\/08\/bijela-pozadina.jpg","datePublished":"2022-11-27T17:24:54+00:00","dateModified":"2022-11-27T21:39:28+00:00","description":"Hidrauli\u010dki sustav za rezanje betona koji se mo\u017ee modificirati kako bi odgovarao svim promjerima betonskih pilota ili gra\u0111evinskih stupova.","breadcrumb":{"@id":"https:\/\/www.hidro-rad.hr\/prodaja\/mtb\/razbijaci-pilota\/#breadcrumb"},"inLanguage":"en-US","potentialAction":[{"@type":"ReadAction","target":["https:\/\/www.hidro-rad.hr\/prodaja\/mtb\/razbijaci-pilota\/"]}]},{"@type":"ImageObject","inLanguage":"en-US","@id":"https:\/\/www.hidro-rad.hr\/prodaja\/mtb\/razbijaci-pilota\/#primaryimage","url":"https:\/\/www.hidro-rad.hr\/wp-content\/uploads\/2021\/08\/bijela-pozadina.jpg","contentUrl":"https:\/\/www.hidro-rad.hr\/wp-content\/uploads\/2021\/08\/bijela-pozadina.jpg"},{"@type":"BreadcrumbList","@id":"https:\/\/www.hidro-rad.hr\/prodaja\/mtb\/razbijaci-pilota\/#breadcrumb","itemListElement":[{"@type":"ListItem","position":1,"name":"Home","item":"https:\/\/www.hidro-rad.hr\/"},{"@type":"ListItem","position":2,"name":"PRODAJA","item":"https:\/\/www.hidro-rad.hr\/prodaja\/"},{"@type":"ListItem","position":3,"name":"MTB","item":"https:\/\/www.hidro-rad.hr\/prodaja\/mtb\/"},{"@type":"ListItem","position":4,"name":"Razbija\u010di pilota"}]},{"@type":"WebSite","@id":"https:\/\/www.hidro-rad.hr\/#website","url":"https:\/\/www.hidro-rad.hr\/","name":"HIDRO-RAD","description":"Poduze\u0107e za prodaju, najam i servis gra\u0111evinskih strojeva","publisher":{"@id":"https:\/\/www.hidro-rad.hr\/#organization"},"potentialAction":[{"@type":"SearchAction","target":{"@type":"EntryPoint","urlTemplate":"https:\/\/www.hidro-rad.hr\/?s={search_term_string}"},"query-input":"required name=search_term_string"}],"inLanguage":"en-US"},{"@type":"Organization","@id":"https:\/\/www.hidro-rad.hr\/#organization","name":"HIDRO-RAD","url":"https:\/\/www.hidro-rad.hr\/","logo":{"@type":"ImageObject","inLanguage":"en-US","@id":"https:\/\/www.hidro-rad.hr\/#\/schema\/logo\/image\/","url":"https:\/\/www.hidro-rad.hr\/wp-content\/uploads\/2024\/04\/512x512-hidro-rad.png","contentUrl":"https:\/\/www.hidro-rad.hr\/wp-content\/uploads\/2024\/04\/512x512-hidro-rad.png","width":512,"height":512,"caption":"HIDRO-RAD"},"image":{"@id":"https:\/\/www.hidro-rad.hr\/#\/schema\/logo\/image\/"},"sameAs":["https:\/\/www.facebook.com\/hidrorad\/photos\/?ref=page_internal","https:\/\/www.instagram.com\/hidrorad_druzic\/"]}]}},"_links":{"self":[{"href":"https:\/\/www.hidro-rad.hr\/eng\/wp-json\/wp\/v2\/pages\/15663","targetHints":{"allow":["GET"]}}],"collection":[{"href":"https:\/\/www.hidro-rad.hr\/eng\/wp-json\/wp\/v2\/pages"}],"about":[{"href":"https:\/\/www.hidro-rad.hr\/eng\/wp-json\/wp\/v2\/types\/page"}],"author":[{"embeddable":true,"href":"https:\/\/www.hidro-rad.hr\/eng\/wp-json\/wp\/v2\/users\/1"}],"replies":[{"embeddable":true,"href":"https:\/\/www.hidro-rad.hr\/eng\/wp-json\/wp\/v2\/comments?post=15663"}],"version-history":[{"count":20,"href":"https:\/\/www.hidro-rad.hr\/eng\/wp-json\/wp\/v2\/pages\/15663\/revisions"}],"predecessor-version":[{"id":15788,"href":"https:\/\/www.hidro-rad.hr\/eng\/wp-json\/wp\/v2\/pages\/15663\/revisions\/15788"}],"up":[{"embeddable":true,"href":"https:\/\/www.hidro-rad.hr\/eng\/wp-json\/wp\/v2\/pages\/10155"}],"wp:attachment":[{"href":"https:\/\/www.hidro-rad.hr\/eng\/wp-json\/wp\/v2\/media?parent=15663"}],"curies":[{"name":"wp","href":"https:\/\/api.w.org\/{rel}","templated":true}]}}