{"id":13892,"date":"2022-08-21T14:35:00","date_gmt":"2022-08-21T14:35:00","guid":{"rendered":"https:\/\/www.hidro-rad.hr\/?page_id=13892"},"modified":"2022-08-29T07:46:23","modified_gmt":"2022-08-29T07:46:23","slug":"fabo","status":"publish","type":"page","link":"https:\/\/www.hidro-rad.hr\/eng\/sales\/fabo\/","title":{"rendered":"FABO"},"content":{"rendered":"<div data-elementor-type=\"wp-page\" data-elementor-id=\"13892\" class=\"elementor elementor-13892\">\n\t\t\t\t\t\t<section class=\"elementor-section elementor-top-section elementor-element elementor-element-44409c0 elementor-section-boxed elementor-section-height-default elementor-section-height-default qodef-elementor-content-no\" data-id=\"44409c0\" data-element_type=\"section\">\n\t\t\t\t\t\t<div class=\"elementor-container elementor-column-gap-default\">\n\t\t\t\t\t<div class=\"elementor-column elementor-col-100 elementor-top-column elementor-element elementor-element-22d766a\" data-id=\"22d766a\" data-element_type=\"column\">\n\t\t\t<div class=\"elementor-widget-wrap elementor-element-populated\">\n\t\t\t\t\t\t<div class=\"elementor-element elementor-element-84ed9bb elementor-widget elementor-widget-qi_addons_for_elementor_animated_text\" data-id=\"84ed9bb\" data-element_type=\"widget\" data-settings=\"{&quot;_animation&quot;:&quot;none&quot;}\" data-widget_type=\"qi_addons_for_elementor_animated_text.default\">\n\t\t\t\t<div class=\"elementor-widget-container\">\n\t\t\t<div class=\"qodef-shortcode qodef-m  qodef-qi-animated-text qodef--animated-by-letter qodef--alignment-center qodef-qi--has-appear qodef--appear-from-top\" data-appear-delay=\"600\">\n\t\t<h3 class=\"qodef-m-title\">\n\t\t<span class=\"qodef-e-word-holder\">FABO<\/span>\t<\/h3>\n<\/div>\n\t\t<\/div>\n\t\t\t\t<\/div>\n\t\t\t\t\t<\/div>\n\t\t<\/div>\n\t\t\t\t\t<\/div>\n\t\t<\/section>\n\t\t\t\t<section class=\"elementor-section elementor-top-section elementor-element elementor-element-f2265d1 elementor-section-boxed elementor-section-height-default elementor-section-height-default qodef-elementor-content-no\" data-id=\"f2265d1\" data-element_type=\"section\">\n\t\t\t\t\t\t<div class=\"elementor-container elementor-column-gap-default\">\n\t\t\t\t\t<div class=\"elementor-column elementor-col-100 elementor-top-column elementor-element elementor-element-704e186\" data-id=\"704e186\" data-element_type=\"column\">\n\t\t\t<div class=\"elementor-widget-wrap elementor-element-populated\">\n\t\t\t\t\t\t<div class=\"elementor-element elementor-element-f8164b9 elementor-invisible elementor-widget elementor-widget-qi_addons_for_elementor_blockquote\" data-id=\"f8164b9\" data-element_type=\"widget\" data-settings=\"{&quot;_animation&quot;:&quot;zoomIn&quot;,&quot;_animation_delay&quot;:1500}\" data-widget_type=\"qi_addons_for_elementor_blockquote.default\">\n\t\t\t\t<div class=\"elementor-widget-container\">\n\t\t\t<div class=\"qodef-shortcode qodef-m  qodef-qi-blockquote qodef-layout--inline qodef--icon-pack\">\n\t\t\t<h5 class=\"qodef-m-text translation-block\"><span class=\"qodef-m-icon\">\n\t\t\t\t\t<i aria-hidden=\"true\" class=\"fas fa-chevron-right\"><\/i>\t\t\t\t<\/span>\n\t\t\t\t\t\t<b>FABO<\/b> is a Turkish manufacturer company that meet the needs of the construction and mining industry and exports our products to many countries. They produce <b> Crushing and Screening Plants &amp; Concrete Batching Plants <\/b>and it\u2019s equipments with high engineering technologies. High quality, affordable price, ergonomic design and years of experience have made Fabo Company the top brand in the world. <br> HIDRORAD d.o.o. je <b> an authorized dealer of FABO in Croatia. <\/b><\/h5>\n\t<\/div>\n\t\t<\/div>\n\t\t\t\t<\/div>\n\t\t\t\t\t<\/div>\n\t\t<\/div>\n\t\t\t\t\t<\/div>\n\t\t<\/section>\n\t\t\t\t<section class=\"elementor-section elementor-top-section elementor-element elementor-element-0c22d5e elementor-section-boxed elementor-section-height-default elementor-section-height-default qodef-elementor-content-no elementor-invisible\" data-id=\"0c22d5e\" data-element_type=\"section\" data-settings=\"{&quot;animation&quot;:&quot;slideInLeft&quot;}\">\n\t\t\t\t\t\t<div class=\"elementor-container elementor-column-gap-default\">\n\t\t\t\t\t<div class=\"elementor-column elementor-col-33 elementor-top-column elementor-element elementor-element-dd1b09a\" data-id=\"dd1b09a\" data-element_type=\"column\">\n\t\t\t<div class=\"elementor-widget-wrap elementor-element-populated\">\n\t\t\t\t\t\t<div class=\"elementor-element elementor-element-1f25559 elementor-widget elementor-widget-techlink_core_banner\" data-id=\"1f25559\" data-element_type=\"widget\" data-widget_type=\"techlink_core_banner.default\">\n\t\t\t\t<div class=\"elementor-widget-container\">\n\t\t\t<div class=\"qodef-shortcode qodef-m  qodef-banner qodef-layout--link-button   qodef-custom-layout--enabled\">\n\t<div class=\"qodef-m-image\" >\n\t<img fetchpriority=\"high\" decoding=\"async\" width=\"580\" height=\"640\" src=\"https:\/\/www.hidro-rad.hr\/wp-content\/uploads\/2022\/08\/1fabo.jpg\" class=\"attachment-full size-full\" alt=\"\" srcset=\"https:\/\/www.hidro-rad.hr\/wp-content\/uploads\/2022\/08\/1fabo.jpg 580w, https:\/\/www.hidro-rad.hr\/wp-content\/uploads\/2022\/08\/1fabo-272x300.jpg 272w, https:\/\/www.hidro-rad.hr\/wp-content\/uploads\/2022\/08\/1fabo-11x12.jpg 11w\" sizes=\"(max-width: 580px) 100vw, 580px\" \/><\/div>\t<div class=\"qodef-m-content\">\n\t\t<div class=\"qodef-m-content-inner\">\n\t\t\t<div class=\"qodef-m-content-inner-2\">\n\t\t\t\t\t<div class=\"qodef-m-background-text\" >01<\/div>\n\t\t\t\t\t\t\t\t\t<h5 class=\"qodef-m-title translation-block\" ><span class=\"qodef-e-word\">MOBILE<\/span> <span class=\"qodef-e-word\"> CRUSHING PLANTS<\/span><\/h5>\n\t\t\t\t\t\t\t<\/div>\n\t\t\t\t<div class=\"qodef-m-button\">\n\t\t<a class=\"qodef-shortcode qodef-m  qodef-button qodef-layout--textual   qodef-html--link\" href=\"https:\/\/www.hidro-rad.hr\/eng\/sales\/fabo\/mobile-crushing-plants\/\" target=\"_self\"  style=\"color: #E3000F;font-weight: 700\">\t<span class=\"qodef-m-text\">FIND OUT MORE<\/span>\t<span class=\"qodef-m-text-line-holder\">\t\t<span class=\"qodef-m-text-line-top\"><\/span>\t\t<span class=\"qodef-m-text-line\"><\/span>\t\t<span class=\"qodef-m-text-line-bottom\"><\/span>\t<\/span><\/a>\t<\/div>\n\t\t<\/div>\n\t<\/div>\n<\/div>\t\t<\/div>\n\t\t\t\t<\/div>\n\t\t\t\t\t<\/div>\n\t\t<\/div>\n\t\t\t\t<div class=\"elementor-column elementor-col-33 elementor-top-column elementor-element elementor-element-04c6f58\" data-id=\"04c6f58\" data-element_type=\"column\">\n\t\t\t<div class=\"elementor-widget-wrap elementor-element-populated\">\n\t\t\t\t\t\t<div class=\"elementor-element elementor-element-7d4922c elementor-widget elementor-widget-techlink_core_banner\" data-id=\"7d4922c\" data-element_type=\"widget\" data-widget_type=\"techlink_core_banner.default\">\n\t\t\t\t<div class=\"elementor-widget-container\">\n\t\t\t<div class=\"qodef-shortcode qodef-m  qodef-banner qodef-layout--link-button   qodef-custom-layout--enabled\">\n\t<div class=\"qodef-m-image\" >\n\t<img decoding=\"async\" width=\"580\" height=\"640\" src=\"https:\/\/www.hidro-rad.hr\/wp-content\/uploads\/2022\/08\/2fabo.jpg\" class=\"attachment-full size-full\" alt=\"\" srcset=\"https:\/\/www.hidro-rad.hr\/wp-content\/uploads\/2022\/08\/2fabo.jpg 580w, https:\/\/www.hidro-rad.hr\/wp-content\/uploads\/2022\/08\/2fabo-272x300.jpg 272w, https:\/\/www.hidro-rad.hr\/wp-content\/uploads\/2022\/08\/2fabo-11x12.jpg 11w\" sizes=\"(max-width: 580px) 100vw, 580px\" \/><\/div>\t<div class=\"qodef-m-content\">\n\t\t<div class=\"qodef-m-content-inner\">\n\t\t\t<div class=\"qodef-m-content-inner-2\">\n\t\t\t\t\t<div class=\"qodef-m-background-text\" >02<\/div>\n\t\t\t\t\t\t\t\t\t<h5 class=\"qodef-m-title translation-block\" >STATIONARY CRUSHING PLANTS<\/h5>\n\t\t\t\t\t\t\t<\/div>\n\t\t\t\t<div class=\"qodef-m-button\">\n\t\t<a class=\"qodef-shortcode qodef-m  qodef-button qodef-layout--textual   qodef-html--link\" href=\"https:\/\/www.hidro-rad.hr\/eng\/sales\/fabo\/stacionarne-drobilice\/\" target=\"_self\"  style=\"color: #E3000F;font-weight: 700\">\t<span class=\"qodef-m-text\">FIND OUT MORE<\/span>\t<span class=\"qodef-m-text-line-holder\">\t\t<span class=\"qodef-m-text-line-top\"><\/span>\t\t<span class=\"qodef-m-text-line\"><\/span>\t\t<span class=\"qodef-m-text-line-bottom\"><\/span>\t<\/span><\/a>\t<\/div>\n\t\t<\/div>\n\t<\/div>\n<\/div>\t\t<\/div>\n\t\t\t\t<\/div>\n\t\t\t\t\t<\/div>\n\t\t<\/div>\n\t\t\t\t<div class=\"elementor-column elementor-col-33 elementor-top-column elementor-element elementor-element-5ad92e4\" data-id=\"5ad92e4\" data-element_type=\"column\">\n\t\t\t<div class=\"elementor-widget-wrap elementor-element-populated\">\n\t\t\t\t\t\t<div class=\"elementor-element elementor-element-b81ea53 elementor-widget elementor-widget-techlink_core_banner\" data-id=\"b81ea53\" data-element_type=\"widget\" data-widget_type=\"techlink_core_banner.default\">\n\t\t\t\t<div class=\"elementor-widget-container\">\n\t\t\t<div class=\"qodef-shortcode qodef-m  qodef-banner qodef-layout--link-button   qodef-custom-layout--enabled\">\n\t<div class=\"qodef-m-image\" >\n\t<img decoding=\"async\" width=\"580\" height=\"640\" src=\"https:\/\/www.hidro-rad.hr\/wp-content\/uploads\/2022\/08\/3fabo.jpg\" class=\"attachment-full size-full\" alt=\"\" srcset=\"https:\/\/www.hidro-rad.hr\/wp-content\/uploads\/2022\/08\/3fabo.jpg 580w, https:\/\/www.hidro-rad.hr\/wp-content\/uploads\/2022\/08\/3fabo-272x300.jpg 272w, https:\/\/www.hidro-rad.hr\/wp-content\/uploads\/2022\/08\/3fabo-11x12.jpg 11w\" sizes=\"(max-width: 580px) 100vw, 580px\" \/><\/div>\t<div class=\"qodef-m-content\">\n\t\t<div class=\"qodef-m-content-inner\">\n\t\t\t<div class=\"qodef-m-content-inner-2\">\n\t\t\t\t\t<div class=\"qodef-m-background-text\" >03<\/div>\n\t\t\t\t\t\t\t\t\t<h5 class=\"qodef-m-title translation-block\" >STATIONARY CONCRETE BATCHING PLANTS<\/h5>\n\t\t\t\t\t\t\t<\/div>\n\t\t\t\t<div class=\"qodef-m-button\">\n\t\t<a class=\"qodef-shortcode qodef-m  qodef-button qodef-layout--textual   qodef-html--link\" href=\"https:\/\/www.hidro-rad.hr\/eng\/sales\/fabo\/stationary-concrete-batching-plant\/\" target=\"_self\"  style=\"color: #E3000F;font-weight: 700\">\t<span class=\"qodef-m-text\">FIND OUT MORE<\/span>\t<span class=\"qodef-m-text-line-holder\">\t\t<span class=\"qodef-m-text-line-top\"><\/span>\t\t<span class=\"qodef-m-text-line\"><\/span>\t\t<span class=\"qodef-m-text-line-bottom\"><\/span>\t<\/span><\/a>\t<\/div>\n\t\t<\/div>\n\t<\/div>\n<\/div>\t\t<\/div>\n\t\t\t\t<\/div>\n\t\t\t\t\t<\/div>\n\t\t<\/div>\n\t\t\t\t\t<\/div>\n\t\t<\/section>\n\t\t\t\t<section class=\"elementor-section elementor-top-section elementor-element elementor-element-6d9d345 elementor-section-boxed elementor-section-height-default elementor-section-height-default qodef-elementor-content-no elementor-invisible\" data-id=\"6d9d345\" data-element_type=\"section\" data-settings=\"{&quot;animation&quot;:&quot;slideInRight&quot;}\">\n\t\t\t\t\t\t<div class=\"elementor-container elementor-column-gap-default\">\n\t\t\t\t\t<div class=\"elementor-column elementor-col-33 elementor-top-column elementor-element elementor-element-6adde5f\" data-id=\"6adde5f\" data-element_type=\"column\">\n\t\t\t<div class=\"elementor-widget-wrap elementor-element-populated\">\n\t\t\t\t\t\t<div class=\"elementor-element elementor-element-aea0035 elementor-widget elementor-widget-techlink_core_banner\" data-id=\"aea0035\" data-element_type=\"widget\" data-widget_type=\"techlink_core_banner.default\">\n\t\t\t\t<div class=\"elementor-widget-container\">\n\t\t\t<div class=\"qodef-shortcode qodef-m  qodef-banner qodef-layout--link-button   qodef-custom-layout--enabled\">\n\t<div class=\"qodef-m-image\" >\n\t<img loading=\"lazy\" decoding=\"async\" width=\"580\" height=\"640\" src=\"https:\/\/www.hidro-rad.hr\/wp-content\/uploads\/2022\/08\/4fabo.jpg\" class=\"attachment-full size-full\" alt=\"\" srcset=\"https:\/\/www.hidro-rad.hr\/wp-content\/uploads\/2022\/08\/4fabo.jpg 580w, https:\/\/www.hidro-rad.hr\/wp-content\/uploads\/2022\/08\/4fabo-272x300.jpg 272w, https:\/\/www.hidro-rad.hr\/wp-content\/uploads\/2022\/08\/4fabo-11x12.jpg 11w\" sizes=\"(max-width: 580px) 100vw, 580px\" \/><\/div>\t<div class=\"qodef-m-content\">\n\t\t<div class=\"qodef-m-content-inner\">\n\t\t\t<div class=\"qodef-m-content-inner-2\">\n\t\t\t\t\t<div class=\"qodef-m-background-text\" >04<\/div>\n\t\t\t\t\t\t\t\t\t<h5 class=\"qodef-m-title translation-block\" >MOBILE CONCRETE BATCHING PLANTS<\/h5>\n\t\t\t\t\t\t\t<\/div>\n\t\t\t\t<div class=\"qodef-m-button\">\n\t\t<a class=\"qodef-shortcode qodef-m  qodef-button qodef-layout--textual   qodef-html--link\" href=\"https:\/\/www.hidro-rad.hr\/eng\/sales\/fabo\/mobile-concrete-batching-plants\/\" target=\"_self\"  style=\"color: #E3000F;font-weight: 700\">\t<span class=\"qodef-m-text\">FIND OUT MORE<\/span>\t<span class=\"qodef-m-text-line-holder\">\t\t<span class=\"qodef-m-text-line-top\"><\/span>\t\t<span class=\"qodef-m-text-line\"><\/span>\t\t<span class=\"qodef-m-text-line-bottom\"><\/span>\t<\/span><\/a>\t<\/div>\n\t\t<\/div>\n\t<\/div>\n<\/div>\t\t<\/div>\n\t\t\t\t<\/div>\n\t\t\t\t\t<\/div>\n\t\t<\/div>\n\t\t\t\t<div class=\"elementor-column elementor-col-33 elementor-top-column elementor-element elementor-element-aca9fcd\" data-id=\"aca9fcd\" data-element_type=\"column\">\n\t\t\t<div class=\"elementor-widget-wrap elementor-element-populated\">\n\t\t\t\t\t\t<div class=\"elementor-element elementor-element-bcec037 elementor-widget elementor-widget-techlink_core_banner\" data-id=\"bcec037\" data-element_type=\"widget\" data-widget_type=\"techlink_core_banner.default\">\n\t\t\t\t<div class=\"elementor-widget-container\">\n\t\t\t<div class=\"qodef-shortcode qodef-m  qodef-banner qodef-layout--link-button   qodef-custom-layout--enabled\">\n\t<div class=\"qodef-m-image\" >\n\t<img loading=\"lazy\" decoding=\"async\" width=\"580\" height=\"640\" src=\"https:\/\/www.hidro-rad.hr\/wp-content\/uploads\/2022\/08\/5fabo.jpg\" class=\"attachment-full size-full\" alt=\"\" srcset=\"https:\/\/www.hidro-rad.hr\/wp-content\/uploads\/2022\/08\/5fabo.jpg 580w, https:\/\/www.hidro-rad.hr\/wp-content\/uploads\/2022\/08\/5fabo-272x300.jpg 272w, https:\/\/www.hidro-rad.hr\/wp-content\/uploads\/2022\/08\/5fabo-11x12.jpg 11w\" sizes=\"(max-width: 580px) 100vw, 580px\" \/><\/div>\t<div class=\"qodef-m-content\">\n\t\t<div class=\"qodef-m-content-inner\">\n\t\t\t<div class=\"qodef-m-content-inner-2\">\n\t\t\t\t\t<div class=\"qodef-m-background-text\" >05<\/div>\n\t\t\t\t\t\t\t\t\t<h5 class=\"qodef-m-title translation-block\" >COMPACT CONCRETE BATCHING PLANTS<\/h5>\n\t\t\t\t\t\t\t<\/div>\n\t\t\t\t<div class=\"qodef-m-button\">\n\t\t<a class=\"qodef-shortcode qodef-m  qodef-button qodef-layout--textual   qodef-html--link\" href=\"https:\/\/www.hidro-rad.hr\/eng\/sales\/fabo\/compact-concrete-plants\/\" target=\"_self\"  style=\"color: #E3000F;font-weight: 700\">\t<span class=\"qodef-m-text\">FIND OUT MORE<\/span>\t<span class=\"qodef-m-text-line-holder\">\t\t<span class=\"qodef-m-text-line-top\"><\/span>\t\t<span class=\"qodef-m-text-line\"><\/span>\t\t<span class=\"qodef-m-text-line-bottom\"><\/span>\t<\/span><\/a>\t<\/div>\n\t\t<\/div>\n\t<\/div>\n<\/div>\t\t<\/div>\n\t\t\t\t<\/div>\n\t\t\t\t\t<\/div>\n\t\t<\/div>\n\t\t\t\t<div class=\"elementor-column elementor-col-33 elementor-top-column elementor-element elementor-element-1feada1\" data-id=\"1feada1\" data-element_type=\"column\">\n\t\t\t<div class=\"elementor-widget-wrap elementor-element-populated\">\n\t\t\t\t\t\t<div class=\"elementor-element elementor-element-908004e elementor-widget elementor-widget-techlink_core_banner\" data-id=\"908004e\" data-element_type=\"widget\" data-widget_type=\"techlink_core_banner.default\">\n\t\t\t\t<div class=\"elementor-widget-container\">\n\t\t\t<div class=\"qodef-shortcode qodef-m  qodef-banner qodef-layout--link-button   qodef-custom-layout--enabled\">\n\t<div class=\"qodef-m-image\" >\n\t<img loading=\"lazy\" decoding=\"async\" width=\"580\" height=\"640\" src=\"https:\/\/www.hidro-rad.hr\/wp-content\/uploads\/2022\/08\/Asphalt-Plant-1-FABO.jpg\" class=\"attachment-full size-full\" alt=\"\" srcset=\"https:\/\/www.hidro-rad.hr\/wp-content\/uploads\/2022\/08\/Asphalt-Plant-1-FABO.jpg 580w, https:\/\/www.hidro-rad.hr\/wp-content\/uploads\/2022\/08\/Asphalt-Plant-1-FABO-272x300.jpg 272w, https:\/\/www.hidro-rad.hr\/wp-content\/uploads\/2022\/08\/Asphalt-Plant-1-FABO-11x12.jpg 11w\" sizes=\"(max-width: 580px) 100vw, 580px\" \/><\/div>\t<div class=\"qodef-m-content\">\n\t\t<div class=\"qodef-m-content-inner\">\n\t\t\t<div class=\"qodef-m-content-inner-2\">\n\t\t\t\t\t<div class=\"qodef-m-background-text\" >06<\/div>\n\t\t\t\t\t\t\t\t\t<h5 class=\"qodef-m-title translation-block\" >Asphalt Plants<\/h5>\n\t\t\t\t\t\t\t<\/div>\n\t\t\t\t<div class=\"qodef-m-button\">\n\t\t<a class=\"qodef-shortcode qodef-m  qodef-button qodef-layout--textual   qodef-html--link\" href=\"https:\/\/www.hidro-rad.hr\/eng\/sales\/fabo\/asphalt-plants\/\" target=\"_self\"  style=\"color: #E3000F;font-weight: 700\">\t<span class=\"qodef-m-text\">FIND OUT MORE<\/span>\t<span class=\"qodef-m-text-line-holder\">\t\t<span class=\"qodef-m-text-line-top\"><\/span>\t\t<span class=\"qodef-m-text-line\"><\/span>\t\t<span class=\"qodef-m-text-line-bottom\"><\/span>\t<\/span><\/a>\t<\/div>\n\t\t<\/div>\n\t<\/div>\n<\/div>\t\t<\/div>\n\t\t\t\t<\/div>\n\t\t\t\t\t<\/div>\n\t\t<\/div>\n\t\t\t\t\t<\/div>\n\t\t<\/section>\n\t\t\t\t<\/div>","protected":false},"excerpt":{"rendered":"<p>FABO FABO je turska proizvodna tvrtka koja zadovoljava potrebe gra\u0111evinske i rudarske industrije i izvozi svoje proizvode u mnoge zemlje. Proizvode drobilice, separacije, betonare i njihovu opremu s visokom in\u017eenjerskom tehnologijom. Visoka kvaliteta, pristupa\u010dna cijena, ergonomski dizajn i dugogodi\u0161nje iskustvo u\u010dinili su tvrtku Fabo jednu od vode\u0107ih svjetskih brendova. HIDRORAD d.o.o. je ovla\u0161teni zastupnik FABO [&hellip;]<\/p>","protected":false},"author":1,"featured_media":0,"parent":11535,"menu_order":5,"comment_status":"closed","ping_status":"closed","template":"page-full-width.php","meta":{"footnotes":""},"class_list":["post-13892","page","type-page","status-publish","hentry"],"yoast_head":"<!-- This site is optimized with the Yoast SEO plugin v22.7 - https:\/\/yoast.com\/wordpress\/plugins\/seo\/ -->\n<title>FABO | HIDRO-RAD<\/title>\n<meta name=\"description\" content=\"Turska tvrtka FABO vode\u0107i je proizvo\u0111a\u010d drobilica, separacija i betonara visoke kvalitete i pristupa\u010dnih cijena.\" \/>\n<meta name=\"robots\" content=\"index, follow, max-snippet:-1, max-image-preview:large, max-video-preview:-1\" \/>\n<link rel=\"canonical\" href=\"https:\/\/www.hidro-rad.hr\/eng\/sales\/fabo\/\" \/>\n<meta property=\"og:locale\" content=\"en_US\" \/>\n<meta property=\"og:type\" content=\"article\" \/>\n<meta property=\"og:title\" content=\"FABO | HIDRO-RAD\" \/>\n<meta property=\"og:description\" content=\"Turska tvrtka FABO vode\u0107i je proizvo\u0111a\u010d drobilica, separacija i betonara visoke kvalitete i pristupa\u010dnih cijena.\" \/>\n<meta property=\"og:url\" content=\"https:\/\/www.hidro-rad.hr\/eng\/sales\/fabo\/\" \/>\n<meta property=\"og:site_name\" content=\"HIDRO-RAD\" \/>\n<meta property=\"article:publisher\" content=\"https:\/\/www.facebook.com\/hidrorad\/photos\/?ref=page_internal\" \/>\n<meta property=\"article:modified_time\" content=\"2022-08-29T07:46:23+00:00\" \/>\n<meta property=\"og:image\" content=\"https:\/\/www.hidro-rad.hr\/wp-content\/uploads\/2022\/08\/1fabo.jpg\" \/>\n<meta name=\"twitter:card\" content=\"summary_large_image\" \/>\n<script type=\"application\/ld+json\" class=\"yoast-schema-graph\">{\"@context\":\"https:\/\/schema.org\",\"@graph\":[{\"@type\":\"WebPage\",\"@id\":\"https:\/\/www.hidro-rad.hr\/prodaja\/fabo\/\",\"url\":\"https:\/\/www.hidro-rad.hr\/prodaja\/fabo\/\",\"name\":\"FABO | HIDRO-RAD\",\"isPartOf\":{\"@id\":\"https:\/\/www.hidro-rad.hr\/#website\"},\"primaryImageOfPage\":{\"@id\":\"https:\/\/www.hidro-rad.hr\/prodaja\/fabo\/#primaryimage\"},\"image\":{\"@id\":\"https:\/\/www.hidro-rad.hr\/prodaja\/fabo\/#primaryimage\"},\"thumbnailUrl\":\"https:\/\/www.hidro-rad.hr\/wp-content\/uploads\/2022\/08\/1fabo.jpg\",\"datePublished\":\"2022-08-21T14:35:00+00:00\",\"dateModified\":\"2022-08-29T07:46:23+00:00\",\"description\":\"Turska tvrtka FABO vode\u0107i je proizvo\u0111a\u010d drobilica, separacija i betonara visoke kvalitete i pristupa\u010dnih cijena.\",\"breadcrumb\":{\"@id\":\"https:\/\/www.hidro-rad.hr\/prodaja\/fabo\/#breadcrumb\"},\"inLanguage\":\"en-US\",\"potentialAction\":[{\"@type\":\"ReadAction\",\"target\":[\"https:\/\/www.hidro-rad.hr\/prodaja\/fabo\/\"]}]},{\"@type\":\"ImageObject\",\"inLanguage\":\"en-US\",\"@id\":\"https:\/\/www.hidro-rad.hr\/prodaja\/fabo\/#primaryimage\",\"url\":\"https:\/\/www.hidro-rad.hr\/wp-content\/uploads\/2022\/08\/1fabo.jpg\",\"contentUrl\":\"https:\/\/www.hidro-rad.hr\/wp-content\/uploads\/2022\/08\/1fabo.jpg\"},{\"@type\":\"BreadcrumbList\",\"@id\":\"https:\/\/www.hidro-rad.hr\/prodaja\/fabo\/#breadcrumb\",\"itemListElement\":[{\"@type\":\"ListItem\",\"position\":1,\"name\":\"Home\",\"item\":\"https:\/\/www.hidro-rad.hr\/\"},{\"@type\":\"ListItem\",\"position\":2,\"name\":\"PRODAJA\",\"item\":\"https:\/\/www.hidro-rad.hr\/prodaja\/\"},{\"@type\":\"ListItem\",\"position\":3,\"name\":\"FABO\"}]},{\"@type\":\"WebSite\",\"@id\":\"https:\/\/www.hidro-rad.hr\/#website\",\"url\":\"https:\/\/www.hidro-rad.hr\/\",\"name\":\"HIDRO-RAD\",\"description\":\"Poduze\u0107e za prodaju, najam i servis gra\u0111evinskih strojeva\",\"publisher\":{\"@id\":\"https:\/\/www.hidro-rad.hr\/#organization\"},\"potentialAction\":[{\"@type\":\"SearchAction\",\"target\":{\"@type\":\"EntryPoint\",\"urlTemplate\":\"https:\/\/www.hidro-rad.hr\/?s={search_term_string}\"},\"query-input\":\"required name=search_term_string\"}],\"inLanguage\":\"en-US\"},{\"@type\":\"Organization\",\"@id\":\"https:\/\/www.hidro-rad.hr\/#organization\",\"name\":\"HIDRO-RAD\",\"url\":\"https:\/\/www.hidro-rad.hr\/\",\"logo\":{\"@type\":\"ImageObject\",\"inLanguage\":\"en-US\",\"@id\":\"https:\/\/www.hidro-rad.hr\/#\/schema\/logo\/image\/\",\"url\":\"https:\/\/www.hidro-rad.hr\/wp-content\/uploads\/2024\/04\/512x512-hidro-rad.png\",\"contentUrl\":\"https:\/\/www.hidro-rad.hr\/wp-content\/uploads\/2024\/04\/512x512-hidro-rad.png\",\"width\":512,\"height\":512,\"caption\":\"HIDRO-RAD\"},\"image\":{\"@id\":\"https:\/\/www.hidro-rad.hr\/#\/schema\/logo\/image\/\"},\"sameAs\":[\"https:\/\/www.facebook.com\/hidrorad\/photos\/?ref=page_internal\",\"https:\/\/www.instagram.com\/hidrorad_druzic\/\"]}]}<\/script>\n<!-- \/ Yoast SEO plugin. -->","yoast_head_json":{"title":"FABO | HIDRO-RAD","description":"Turska tvrtka FABO vode\u0107i je proizvo\u0111a\u010d drobilica, separacija i betonara visoke kvalitete i pristupa\u010dnih cijena.","robots":{"index":"index","follow":"follow","max-snippet":"max-snippet:-1","max-image-preview":"max-image-preview:large","max-video-preview":"max-video-preview:-1"},"canonical":"https:\/\/www.hidro-rad.hr\/eng\/sales\/fabo\/","og_locale":"en_US","og_type":"article","og_title":"FABO | HIDRO-RAD","og_description":"Turska tvrtka FABO vode\u0107i je proizvo\u0111a\u010d drobilica, separacija i betonara visoke kvalitete i pristupa\u010dnih cijena.","og_url":"https:\/\/www.hidro-rad.hr\/eng\/sales\/fabo\/","og_site_name":"HIDRO-RAD","article_publisher":"https:\/\/www.facebook.com\/hidrorad\/photos\/?ref=page_internal","article_modified_time":"2022-08-29T07:46:23+00:00","og_image":[{"url":"https:\/\/www.hidro-rad.hr\/wp-content\/uploads\/2022\/08\/1fabo.jpg"}],"twitter_card":"summary_large_image","schema":{"@context":"https:\/\/schema.org","@graph":[{"@type":"WebPage","@id":"https:\/\/www.hidro-rad.hr\/prodaja\/fabo\/","url":"https:\/\/www.hidro-rad.hr\/prodaja\/fabo\/","name":"FABO | HIDRO-RAD","isPartOf":{"@id":"https:\/\/www.hidro-rad.hr\/#website"},"primaryImageOfPage":{"@id":"https:\/\/www.hidro-rad.hr\/prodaja\/fabo\/#primaryimage"},"image":{"@id":"https:\/\/www.hidro-rad.hr\/prodaja\/fabo\/#primaryimage"},"thumbnailUrl":"https:\/\/www.hidro-rad.hr\/wp-content\/uploads\/2022\/08\/1fabo.jpg","datePublished":"2022-08-21T14:35:00+00:00","dateModified":"2022-08-29T07:46:23+00:00","description":"Turska tvrtka FABO vode\u0107i je proizvo\u0111a\u010d drobilica, separacija i betonara visoke kvalitete i pristupa\u010dnih cijena.","breadcrumb":{"@id":"https:\/\/www.hidro-rad.hr\/prodaja\/fabo\/#breadcrumb"},"inLanguage":"en-US","potentialAction":[{"@type":"ReadAction","target":["https:\/\/www.hidro-rad.hr\/prodaja\/fabo\/"]}]},{"@type":"ImageObject","inLanguage":"en-US","@id":"https:\/\/www.hidro-rad.hr\/prodaja\/fabo\/#primaryimage","url":"https:\/\/www.hidro-rad.hr\/wp-content\/uploads\/2022\/08\/1fabo.jpg","contentUrl":"https:\/\/www.hidro-rad.hr\/wp-content\/uploads\/2022\/08\/1fabo.jpg"},{"@type":"BreadcrumbList","@id":"https:\/\/www.hidro-rad.hr\/prodaja\/fabo\/#breadcrumb","itemListElement":[{"@type":"ListItem","position":1,"name":"Home","item":"https:\/\/www.hidro-rad.hr\/"},{"@type":"ListItem","position":2,"name":"PRODAJA","item":"https:\/\/www.hidro-rad.hr\/prodaja\/"},{"@type":"ListItem","position":3,"name":"FABO"}]},{"@type":"WebSite","@id":"https:\/\/www.hidro-rad.hr\/#website","url":"https:\/\/www.hidro-rad.hr\/","name":"HIDRO-RAD","description":"Poduze\u0107e za prodaju, najam i servis gra\u0111evinskih strojeva","publisher":{"@id":"https:\/\/www.hidro-rad.hr\/#organization"},"potentialAction":[{"@type":"SearchAction","target":{"@type":"EntryPoint","urlTemplate":"https:\/\/www.hidro-rad.hr\/?s={search_term_string}"},"query-input":"required name=search_term_string"}],"inLanguage":"en-US"},{"@type":"Organization","@id":"https:\/\/www.hidro-rad.hr\/#organization","name":"HIDRO-RAD","url":"https:\/\/www.hidro-rad.hr\/","logo":{"@type":"ImageObject","inLanguage":"en-US","@id":"https:\/\/www.hidro-rad.hr\/#\/schema\/logo\/image\/","url":"https:\/\/www.hidro-rad.hr\/wp-content\/uploads\/2024\/04\/512x512-hidro-rad.png","contentUrl":"https:\/\/www.hidro-rad.hr\/wp-content\/uploads\/2024\/04\/512x512-hidro-rad.png","width":512,"height":512,"caption":"HIDRO-RAD"},"image":{"@id":"https:\/\/www.hidro-rad.hr\/#\/schema\/logo\/image\/"},"sameAs":["https:\/\/www.facebook.com\/hidrorad\/photos\/?ref=page_internal","https:\/\/www.instagram.com\/hidrorad_druzic\/"]}]}},"_links":{"self":[{"href":"https:\/\/www.hidro-rad.hr\/eng\/wp-json\/wp\/v2\/pages\/13892","targetHints":{"allow":["GET"]}}],"collection":[{"href":"https:\/\/www.hidro-rad.hr\/eng\/wp-json\/wp\/v2\/pages"}],"about":[{"href":"https:\/\/www.hidro-rad.hr\/eng\/wp-json\/wp\/v2\/types\/page"}],"author":[{"embeddable":true,"href":"https:\/\/www.hidro-rad.hr\/eng\/wp-json\/wp\/v2\/users\/1"}],"replies":[{"embeddable":true,"href":"https:\/\/www.hidro-rad.hr\/eng\/wp-json\/wp\/v2\/comments?post=13892"}],"version-history":[{"count":65,"href":"https:\/\/www.hidro-rad.hr\/eng\/wp-json\/wp\/v2\/pages\/13892\/revisions"}],"predecessor-version":[{"id":15002,"href":"https:\/\/www.hidro-rad.hr\/eng\/wp-json\/wp\/v2\/pages\/13892\/revisions\/15002"}],"up":[{"embeddable":true,"href":"https:\/\/www.hidro-rad.hr\/eng\/wp-json\/wp\/v2\/pages\/11535"}],"wp:attachment":[{"href":"https:\/\/www.hidro-rad.hr\/eng\/wp-json\/wp\/v2\/media?parent=13892"}],"curies":[{"name":"wp","href":"https:\/\/api.w.org\/{rel}","templated":true}]}}