{"id":12893,"date":"2022-02-14T14:56:07","date_gmt":"2022-02-14T14:56:07","guid":{"rendered":"https:\/\/www.hidro-rad.hr\/?page_id=12893"},"modified":"2022-08-29T07:49:28","modified_gmt":"2022-08-29T07:49:28","slug":"lider-trailer","status":"publish","type":"page","link":"https:\/\/www.hidro-rad.hr\/eng\/sales\/lider-trailer\/","title":{"rendered":"LIDER TRAILER"},"content":{"rendered":"<div data-elementor-type=\"wp-page\" data-elementor-id=\"12893\" class=\"elementor elementor-12893\">\n\t\t\t\t\t\t<section class=\"elementor-section elementor-top-section elementor-element elementor-element-ee92e30 elementor-section-full_width elementor-section-height-default elementor-section-height-default qodef-elementor-content-no\" data-id=\"ee92e30\" data-element_type=\"section\">\n\t\t\t\t\t\t<div class=\"elementor-container elementor-column-gap-default\">\n\t\t\t\t\t<div class=\"elementor-column elementor-col-100 elementor-top-column elementor-element elementor-element-9b42107\" data-id=\"9b42107\" data-element_type=\"column\">\n\t\t\t<div class=\"elementor-widget-wrap elementor-element-populated\">\n\t\t\t\t\t\t<div class=\"elementor-element elementor-element-7b40761 elementor-widget elementor-widget-qi_addons_for_elementor_animated_text\" data-id=\"7b40761\" data-element_type=\"widget\" data-settings=\"{&quot;_animation&quot;:&quot;none&quot;}\" data-widget_type=\"qi_addons_for_elementor_animated_text.default\">\n\t\t\t\t<div class=\"elementor-widget-container\">\n\t\t\t<div class=\"qodef-shortcode qodef-m  qodef-qi-animated-text qodef--animated-by-letter qodef--alignment-center qodef-qi--has-appear qodef--appear-from-top\" data-appear-delay=\"600\">\n\t\t<h3 class=\"qodef-m-title\">\n\t\t<span class=\"qodef-e-word-holder\">Lider<\/span> <span class=\"qodef-e-word-holder\">Trailer<\/span>\t<\/h3>\n<\/div>\n\t\t<\/div>\n\t\t\t\t<\/div>\n\t\t\t\t\t<\/div>\n\t\t<\/div>\n\t\t\t\t\t<\/div>\n\t\t<\/section>\n\t\t\t\t<section class=\"elementor-section elementor-top-section elementor-element elementor-element-12647a2 elementor-section-boxed elementor-section-height-default elementor-section-height-default qodef-elementor-content-no\" data-id=\"12647a2\" data-element_type=\"section\">\n\t\t\t\t\t\t<div class=\"elementor-container elementor-column-gap-default\">\n\t\t\t\t\t<div class=\"elementor-column elementor-col-100 elementor-top-column elementor-element elementor-element-9558d80\" data-id=\"9558d80\" data-element_type=\"column\">\n\t\t\t<div class=\"elementor-widget-wrap elementor-element-populated\">\n\t\t\t\t\t\t<div class=\"elementor-element elementor-element-aeb71e2 elementor-invisible elementor-widget elementor-widget-qi_addons_for_elementor_blockquote\" data-id=\"aeb71e2\" data-element_type=\"widget\" data-settings=\"{&quot;_animation&quot;:&quot;zoomIn&quot;,&quot;_animation_delay&quot;:1500}\" data-widget_type=\"qi_addons_for_elementor_blockquote.default\">\n\t\t\t\t<div class=\"elementor-widget-container\">\n\t\t\t<div class=\"qodef-shortcode qodef-m  qodef-qi-blockquote qodef-layout--inline qodef--icon-pack\">\n\t\t\t<h5 class=\"qodef-m-text translation-block\"><span class=\"qodef-m-icon\">\n\t\t\t\t\t<i aria-hidden=\"true\" class=\"fas fa-chevron-right\"><\/i>\t\t\t\t<\/span>\nWhen it comes to power in <strong>transporting heavy loads,<\/strong> we must mention the Lider Trailers first.\n<strong>Lider Trailer<\/strong> manufactures all types of semi-trailers and trailers according to the specifications requested by the customer. Their semi-trailer possess a <strong>high-quality practical system<\/strong> that has been designed according to the harsh working standards. <br> In our <b>sales program<\/b> you can find: bulk cement trailers, lowbed trailers, dumper trailers, tanker trailers and container carrier trailers.\n<br> \nHIDRORAD DRU\u017dI\u0106 d.o.o. is <b> an authorized dealer of Lider trailer in Croatia and BIH.\t<\/b><\/h5>\n\t<\/div>\n\t\t<\/div>\n\t\t\t\t<\/div>\n\t\t\t\t\t<\/div>\n\t\t<\/div>\n\t\t\t\t\t<\/div>\n\t\t<\/section>\n\t\t\t\t<section class=\"elementor-section elementor-top-section elementor-element elementor-element-f29b903 elementor-section-boxed elementor-section-height-default elementor-section-height-default qodef-elementor-content-no elementor-invisible\" data-id=\"f29b903\" data-element_type=\"section\" data-settings=\"{&quot;animation&quot;:&quot;slideInLeft&quot;}\">\n\t\t\t\t\t\t<div class=\"elementor-container elementor-column-gap-default\">\n\t\t\t\t\t<div class=\"elementor-column elementor-col-33 elementor-top-column elementor-element elementor-element-3f3eb7a\" data-id=\"3f3eb7a\" data-element_type=\"column\">\n\t\t\t<div class=\"elementor-widget-wrap elementor-element-populated\">\n\t\t\t\t\t\t<div class=\"elementor-element elementor-element-04542b1 elementor-widget elementor-widget-techlink_core_banner\" data-id=\"04542b1\" data-element_type=\"widget\" data-widget_type=\"techlink_core_banner.default\">\n\t\t\t\t<div class=\"elementor-widget-container\">\n\t\t\t<div class=\"qodef-shortcode qodef-m  qodef-banner qodef-layout--link-button   qodef-custom-layout--enabled\">\n\t<div class=\"qodef-m-image\" >\n\t<img fetchpriority=\"high\" decoding=\"async\" width=\"580\" height=\"640\" src=\"https:\/\/www.hidro-rad.hr\/wp-content\/uploads\/2022\/04\/Prikolice-za-prijevoz-cementa.jpg\" class=\"attachment-full size-full\" alt=\"\" srcset=\"https:\/\/www.hidro-rad.hr\/wp-content\/uploads\/2022\/04\/Prikolice-za-prijevoz-cementa.jpg 580w, https:\/\/www.hidro-rad.hr\/wp-content\/uploads\/2022\/04\/Prikolice-za-prijevoz-cementa-272x300.jpg 272w, https:\/\/www.hidro-rad.hr\/wp-content\/uploads\/2022\/04\/Prikolice-za-prijevoz-cementa-11x12.jpg 11w\" sizes=\"(max-width: 580px) 100vw, 580px\" \/><\/div>\t<div class=\"qodef-m-content\">\n\t\t<div class=\"qodef-m-content-inner\">\n\t\t\t<div class=\"qodef-m-content-inner-2\">\n\t\t\t\t\t<div class=\"qodef-m-background-text\" >01<\/div>\n\t\t\t\t\t\t\t\t\t<h5 class=\"qodef-m-title\" >\n\t\tBULK CEMENT TRAILER\t<\/h5>\n\t\t\t\t\t\t\t<\/div>\n\t\t\t\t<div class=\"qodef-m-button\">\n\t\t<a class=\"qodef-shortcode qodef-m  qodef-button qodef-layout--textual   qodef-html--link\" href=\"https:\/\/www.hidro-rad.hr\/eng\/sales\/lider-trailer\/bulk-cement-trailer\/\" target=\"_self\"  style=\"color: #E3000F;font-weight: 700\">\t<span class=\"qodef-m-text\">FIND OUT MORE<\/span>\t<span class=\"qodef-m-text-line-holder\">\t\t<span class=\"qodef-m-text-line-top\"><\/span>\t\t<span class=\"qodef-m-text-line\"><\/span>\t\t<span class=\"qodef-m-text-line-bottom\"><\/span>\t<\/span><\/a>\t<\/div>\n\t\t<\/div>\n\t<\/div>\n<\/div>\t\t<\/div>\n\t\t\t\t<\/div>\n\t\t\t\t\t<\/div>\n\t\t<\/div>\n\t\t\t\t<div class=\"elementor-column elementor-col-33 elementor-top-column elementor-element elementor-element-318596a\" data-id=\"318596a\" data-element_type=\"column\">\n\t\t\t<div class=\"elementor-widget-wrap elementor-element-populated\">\n\t\t\t\t\t\t<div class=\"elementor-element elementor-element-da53b43 elementor-widget elementor-widget-techlink_core_banner\" data-id=\"da53b43\" data-element_type=\"widget\" data-widget_type=\"techlink_core_banner.default\">\n\t\t\t\t<div class=\"elementor-widget-container\">\n\t\t\t<div class=\"qodef-shortcode qodef-m  qodef-banner qodef-layout--link-button   qodef-custom-layout--enabled\">\n\t<div class=\"qodef-m-image\" >\n\t<img decoding=\"async\" width=\"580\" height=\"640\" src=\"https:\/\/www.hidro-rad.hr\/wp-content\/uploads\/2022\/02\/LIDER.jpg\" class=\"attachment-full size-full\" alt=\"\" srcset=\"https:\/\/www.hidro-rad.hr\/wp-content\/uploads\/2022\/02\/LIDER.jpg 580w, https:\/\/www.hidro-rad.hr\/wp-content\/uploads\/2022\/02\/LIDER-272x300.jpg 272w\" sizes=\"(max-width: 580px) 100vw, 580px\" \/><\/div>\t<div class=\"qodef-m-content\">\n\t\t<div class=\"qodef-m-content-inner\">\n\t\t\t<div class=\"qodef-m-content-inner-2\">\n\t\t\t\t\t<div class=\"qodef-m-background-text\" >02<\/div>\n\t\t\t\t\t\t\t\t\t<h5 class=\"qodef-m-title\" >\n\t\tLOWBED TRAILER\t<\/h5>\n\t\t\t\t\t\t\t<\/div>\n\t\t\t\t<div class=\"qodef-m-button\">\n\t\t<a class=\"qodef-shortcode qodef-m  qodef-button qodef-layout--textual   qodef-html--link\" href=\"https:\/\/www.hidro-rad.hr\/eng\/sales\/lider-trailer\/lowbed-trailers\/\" target=\"_self\"  style=\"color: #E3000F;font-weight: 700\">\t<span class=\"qodef-m-text\">FIND OUT MORE<\/span>\t<span class=\"qodef-m-text-line-holder\">\t\t<span class=\"qodef-m-text-line-top\"><\/span>\t\t<span class=\"qodef-m-text-line\"><\/span>\t\t<span class=\"qodef-m-text-line-bottom\"><\/span>\t<\/span><\/a>\t<\/div>\n\t\t<\/div>\n\t<\/div>\n<\/div>\t\t<\/div>\n\t\t\t\t<\/div>\n\t\t\t\t\t<\/div>\n\t\t<\/div>\n\t\t\t\t<div class=\"elementor-column elementor-col-33 elementor-top-column elementor-element elementor-element-73f24fc\" data-id=\"73f24fc\" data-element_type=\"column\">\n\t\t\t<div class=\"elementor-widget-wrap elementor-element-populated\">\n\t\t\t\t\t\t<div class=\"elementor-element elementor-element-691cc2d elementor-widget elementor-widget-techlink_core_banner\" data-id=\"691cc2d\" data-element_type=\"widget\" data-widget_type=\"techlink_core_banner.default\">\n\t\t\t\t<div class=\"elementor-widget-container\">\n\t\t\t<div class=\"qodef-shortcode qodef-m  qodef-banner qodef-layout--link-button   qodef-custom-layout--enabled\">\n\t<div class=\"qodef-m-image\" >\n\t<img decoding=\"async\" width=\"580\" height=\"640\" src=\"https:\/\/www.hidro-rad.hr\/wp-content\/uploads\/2022\/04\/Kiper-prikolice.jpg\" class=\"attachment-full size-full\" alt=\"\" srcset=\"https:\/\/www.hidro-rad.hr\/wp-content\/uploads\/2022\/04\/Kiper-prikolice.jpg 580w, https:\/\/www.hidro-rad.hr\/wp-content\/uploads\/2022\/04\/Kiper-prikolice-272x300.jpg 272w, https:\/\/www.hidro-rad.hr\/wp-content\/uploads\/2022\/04\/Kiper-prikolice-11x12.jpg 11w\" sizes=\"(max-width: 580px) 100vw, 580px\" \/><\/div>\t<div class=\"qodef-m-content\">\n\t\t<div class=\"qodef-m-content-inner\">\n\t\t\t<div class=\"qodef-m-content-inner-2\">\n\t\t\t\t\t<div class=\"qodef-m-background-text\" >03<\/div>\n\t\t\t\t\t\t\t\t\t<h5 class=\"qodef-m-title\" >\n\t\tDUMPER TRAILER\t<\/h5>\n\t\t\t\t\t\t\t<\/div>\n\t\t\t\t<div class=\"qodef-m-button\">\n\t\t<a class=\"qodef-shortcode qodef-m  qodef-button qodef-layout--textual   qodef-html--link\" href=\"https:\/\/www.hidro-rad.hr\/eng\/sales\/lider-trailer\/dumper-trailer\/\" target=\"_self\"  style=\"color: #E3000F;font-weight: 700\">\t<span class=\"qodef-m-text\">FIND OUT MORE<\/span>\t<span class=\"qodef-m-text-line-holder\">\t\t<span class=\"qodef-m-text-line-top\"><\/span>\t\t<span class=\"qodef-m-text-line\"><\/span>\t\t<span class=\"qodef-m-text-line-bottom\"><\/span>\t<\/span><\/a>\t<\/div>\n\t\t<\/div>\n\t<\/div>\n<\/div>\t\t<\/div>\n\t\t\t\t<\/div>\n\t\t\t\t\t<\/div>\n\t\t<\/div>\n\t\t\t\t\t<\/div>\n\t\t<\/section>\n\t\t\t\t<section class=\"elementor-section elementor-top-section elementor-element elementor-element-3ca1984 elementor-section-boxed elementor-section-height-default elementor-section-height-default qodef-elementor-content-no elementor-invisible\" data-id=\"3ca1984\" data-element_type=\"section\" data-settings=\"{&quot;animation&quot;:&quot;slideInRight&quot;}\">\n\t\t\t\t\t\t<div class=\"elementor-container elementor-column-gap-default\">\n\t\t\t\t\t<div class=\"elementor-column elementor-col-33 elementor-top-column elementor-element elementor-element-94f474a\" data-id=\"94f474a\" data-element_type=\"column\">\n\t\t\t<div class=\"elementor-widget-wrap elementor-element-populated\">\n\t\t\t\t\t\t<div class=\"elementor-element elementor-element-e575c89 elementor-widget elementor-widget-techlink_core_banner\" data-id=\"e575c89\" data-element_type=\"widget\" data-widget_type=\"techlink_core_banner.default\">\n\t\t\t\t<div class=\"elementor-widget-container\">\n\t\t\t<div class=\"qodef-shortcode qodef-m  qodef-banner qodef-layout--link-button   qodef-custom-layout--enabled\">\n\t<div class=\"qodef-m-image\" >\n\t<img loading=\"lazy\" decoding=\"async\" width=\"580\" height=\"640\" src=\"https:\/\/www.hidro-rad.hr\/wp-content\/uploads\/2022\/04\/Cisterne-prikolice.jpg\" class=\"attachment-full size-full\" alt=\"\" srcset=\"https:\/\/www.hidro-rad.hr\/wp-content\/uploads\/2022\/04\/Cisterne-prikolice.jpg 580w, https:\/\/www.hidro-rad.hr\/wp-content\/uploads\/2022\/04\/Cisterne-prikolice-272x300.jpg 272w, https:\/\/www.hidro-rad.hr\/wp-content\/uploads\/2022\/04\/Cisterne-prikolice-11x12.jpg 11w\" sizes=\"(max-width: 580px) 100vw, 580px\" \/><\/div>\t<div class=\"qodef-m-content\">\n\t\t<div class=\"qodef-m-content-inner\">\n\t\t\t<div class=\"qodef-m-content-inner-2\">\n\t\t\t\t\t<div class=\"qodef-m-background-text\" >04<\/div>\n\t\t\t\t\t\t\t\t\t<h5 class=\"qodef-m-title\" >\n\t\tTANKER TRAILER\t<\/h5>\n\t\t\t\t\t\t\t<\/div>\n\t\t\t\t<div class=\"qodef-m-button\">\n\t\t<a class=\"qodef-shortcode qodef-m  qodef-button qodef-layout--textual   qodef-html--link\" href=\"https:\/\/www.hidro-rad.hr\/eng\/sales\/lider-trailer\/tanker-trailer\/\" target=\"_self\"  style=\"color: #E3000F;font-weight: 700\">\t<span class=\"qodef-m-text\">FIND OUT MORE<\/span>\t<span class=\"qodef-m-text-line-holder\">\t\t<span class=\"qodef-m-text-line-top\"><\/span>\t\t<span class=\"qodef-m-text-line\"><\/span>\t\t<span class=\"qodef-m-text-line-bottom\"><\/span>\t<\/span><\/a>\t<\/div>\n\t\t<\/div>\n\t<\/div>\n<\/div>\t\t<\/div>\n\t\t\t\t<\/div>\n\t\t\t\t\t<\/div>\n\t\t<\/div>\n\t\t\t\t<div class=\"elementor-column elementor-col-33 elementor-top-column elementor-element elementor-element-5ea2efe\" data-id=\"5ea2efe\" data-element_type=\"column\">\n\t\t\t<div class=\"elementor-widget-wrap elementor-element-populated\">\n\t\t\t\t\t\t<div class=\"elementor-element elementor-element-fe99546 elementor-widget elementor-widget-techlink_core_banner\" data-id=\"fe99546\" data-element_type=\"widget\" data-widget_type=\"techlink_core_banner.default\">\n\t\t\t\t<div class=\"elementor-widget-container\">\n\t\t\t<div class=\"qodef-shortcode qodef-m  qodef-banner qodef-layout--link-button   qodef-custom-layout--enabled\">\n\t<div class=\"qodef-m-image\" >\n\t<img loading=\"lazy\" decoding=\"async\" width=\"580\" height=\"640\" src=\"https:\/\/www.hidro-rad.hr\/wp-content\/uploads\/2022\/04\/Prikolice-za-prijevoz-kontejnera.jpg\" class=\"attachment-full size-full\" alt=\"\" srcset=\"https:\/\/www.hidro-rad.hr\/wp-content\/uploads\/2022\/04\/Prikolice-za-prijevoz-kontejnera.jpg 580w, https:\/\/www.hidro-rad.hr\/wp-content\/uploads\/2022\/04\/Prikolice-za-prijevoz-kontejnera-272x300.jpg 272w, https:\/\/www.hidro-rad.hr\/wp-content\/uploads\/2022\/04\/Prikolice-za-prijevoz-kontejnera-11x12.jpg 11w\" sizes=\"(max-width: 580px) 100vw, 580px\" \/><\/div>\t<div class=\"qodef-m-content\">\n\t\t<div class=\"qodef-m-content-inner\">\n\t\t\t<div class=\"qodef-m-content-inner-2\">\n\t\t\t\t\t<div class=\"qodef-m-background-text\" >05<\/div>\n\t\t\t\t\t\t\t\t\t<h5 class=\"qodef-m-title\" >\n\t\tCONTAINER CARRIER TRAILER\t<\/h5>\n\t\t\t\t\t\t\t<\/div>\n\t\t\t\t<div class=\"qodef-m-button\">\n\t\t<a class=\"qodef-shortcode qodef-m  qodef-button qodef-layout--textual   qodef-html--link\" href=\"https:\/\/www.hidro-rad.hr\/eng\/sales\/lider-trailer\/container-carrier-trailer\/\" target=\"_self\"  style=\"color: #E3000F;font-weight: 700\">\t<span class=\"qodef-m-text\">FIND OUT MORE<\/span>\t<span class=\"qodef-m-text-line-holder\">\t\t<span class=\"qodef-m-text-line-top\"><\/span>\t\t<span class=\"qodef-m-text-line\"><\/span>\t\t<span class=\"qodef-m-text-line-bottom\"><\/span>\t<\/span><\/a>\t<\/div>\n\t\t<\/div>\n\t<\/div>\n<\/div>\t\t<\/div>\n\t\t\t\t<\/div>\n\t\t\t\t\t<\/div>\n\t\t<\/div>\n\t\t\t\t<div class=\"elementor-column elementor-col-33 elementor-top-column elementor-element elementor-element-7ccc95b\" data-id=\"7ccc95b\" data-element_type=\"column\">\n\t\t\t<div class=\"elementor-widget-wrap\">\n\t\t\t\t\t\t\t<\/div>\n\t\t<\/div>\n\t\t\t\t\t<\/div>\n\t\t<\/section>\n\t\t\t\t<\/div>","protected":false},"excerpt":{"rendered":"<p>Lider Trailer Kada je rije\u010d o snazi u transportu te\u0161kih tereta, prvo moramo spomenuti Lider Trailers. Lider Trailer proizvodi sve vrste poluprikolica i prikolica prema zahtjevima kupaca. Njihove poluprikolice (labudice) posjeduju visokokvalitetan prakti\u010dan sustav koji je dizajniran prema strogim radnim standardima. U na\u0161em prodajnom programu prona\u0111ite: prikolice za prijevoz cementa, labudice, kiper prikolice, cisterne prikolice [&hellip;]<\/p>","protected":false},"author":1,"featured_media":0,"parent":11535,"menu_order":0,"comment_status":"closed","ping_status":"closed","template":"page-full-width.php","meta":{"footnotes":""},"class_list":["post-12893","page","type-page","status-publish","hentry"],"yoast_head":"<!-- This site is optimized with the Yoast SEO plugin v22.7 - https:\/\/yoast.com\/wordpress\/plugins\/seo\/ -->\n<title>LIDER TRAILER | HIDRO-RAD<\/title>\n<meta name=\"description\" content=\"U na\u0161em prodajnom asortimanu prona\u0111ite Lider Trailer labudicu koja odgovara Va\u0161im potrebama. Kontaktirajte nas za dodatne informacije!\" \/>\n<meta name=\"robots\" content=\"index, follow, max-snippet:-1, max-image-preview:large, max-video-preview:-1\" \/>\n<link rel=\"canonical\" href=\"https:\/\/www.hidro-rad.hr\/eng\/sales\/lider-trailer\/\" \/>\n<meta property=\"og:locale\" content=\"en_US\" \/>\n<meta property=\"og:type\" content=\"article\" \/>\n<meta property=\"og:title\" content=\"LIDER TRAILER | HIDRO-RAD\" \/>\n<meta property=\"og:description\" content=\"U na\u0161em prodajnom asortimanu prona\u0111ite Lider Trailer labudicu koja odgovara Va\u0161im potrebama. Kontaktirajte nas za dodatne informacije!\" \/>\n<meta property=\"og:url\" content=\"https:\/\/www.hidro-rad.hr\/eng\/sales\/lider-trailer\/\" \/>\n<meta property=\"og:site_name\" content=\"HIDRO-RAD\" \/>\n<meta property=\"article:publisher\" content=\"https:\/\/www.facebook.com\/hidrorad\/photos\/?ref=page_internal\" \/>\n<meta property=\"article:modified_time\" content=\"2022-08-29T07:49:28+00:00\" \/>\n<meta property=\"og:image\" content=\"https:\/\/www.hidro-rad.hr\/wp-content\/uploads\/2022\/04\/Prikolice-za-prijevoz-cementa.jpg\" \/>\n<meta name=\"twitter:card\" content=\"summary_large_image\" \/>\n<meta name=\"twitter:label1\" content=\"Est. reading time\" \/>\n\t<meta name=\"twitter:data1\" content=\"2 minutes\" \/>\n<script type=\"application\/ld+json\" class=\"yoast-schema-graph\">{\"@context\":\"https:\/\/schema.org\",\"@graph\":[{\"@type\":\"WebPage\",\"@id\":\"https:\/\/www.hidro-rad.hr\/prodaja\/lider-trailer\/\",\"url\":\"https:\/\/www.hidro-rad.hr\/prodaja\/lider-trailer\/\",\"name\":\"LIDER TRAILER | HIDRO-RAD\",\"isPartOf\":{\"@id\":\"https:\/\/www.hidro-rad.hr\/#website\"},\"primaryImageOfPage\":{\"@id\":\"https:\/\/www.hidro-rad.hr\/prodaja\/lider-trailer\/#primaryimage\"},\"image\":{\"@id\":\"https:\/\/www.hidro-rad.hr\/prodaja\/lider-trailer\/#primaryimage\"},\"thumbnailUrl\":\"https:\/\/www.hidro-rad.hr\/wp-content\/uploads\/2022\/04\/Prikolice-za-prijevoz-cementa.jpg\",\"datePublished\":\"2022-02-14T14:56:07+00:00\",\"dateModified\":\"2022-08-29T07:49:28+00:00\",\"description\":\"U na\u0161em prodajnom asortimanu prona\u0111ite Lider Trailer labudicu koja odgovara Va\u0161im potrebama. Kontaktirajte nas za dodatne informacije!\",\"breadcrumb\":{\"@id\":\"https:\/\/www.hidro-rad.hr\/prodaja\/lider-trailer\/#breadcrumb\"},\"inLanguage\":\"en-US\",\"potentialAction\":[{\"@type\":\"ReadAction\",\"target\":[\"https:\/\/www.hidro-rad.hr\/prodaja\/lider-trailer\/\"]}]},{\"@type\":\"ImageObject\",\"inLanguage\":\"en-US\",\"@id\":\"https:\/\/www.hidro-rad.hr\/prodaja\/lider-trailer\/#primaryimage\",\"url\":\"https:\/\/www.hidro-rad.hr\/wp-content\/uploads\/2022\/04\/Prikolice-za-prijevoz-cementa.jpg\",\"contentUrl\":\"https:\/\/www.hidro-rad.hr\/wp-content\/uploads\/2022\/04\/Prikolice-za-prijevoz-cementa.jpg\"},{\"@type\":\"BreadcrumbList\",\"@id\":\"https:\/\/www.hidro-rad.hr\/prodaja\/lider-trailer\/#breadcrumb\",\"itemListElement\":[{\"@type\":\"ListItem\",\"position\":1,\"name\":\"Home\",\"item\":\"https:\/\/www.hidro-rad.hr\/\"},{\"@type\":\"ListItem\",\"position\":2,\"name\":\"PRODAJA\",\"item\":\"https:\/\/www.hidro-rad.hr\/prodaja\/\"},{\"@type\":\"ListItem\",\"position\":3,\"name\":\"LIDER TRAILER\"}]},{\"@type\":\"WebSite\",\"@id\":\"https:\/\/www.hidro-rad.hr\/#website\",\"url\":\"https:\/\/www.hidro-rad.hr\/\",\"name\":\"HIDRO-RAD\",\"description\":\"Poduze\u0107e za prodaju, najam i servis gra\u0111evinskih strojeva\",\"publisher\":{\"@id\":\"https:\/\/www.hidro-rad.hr\/#organization\"},\"potentialAction\":[{\"@type\":\"SearchAction\",\"target\":{\"@type\":\"EntryPoint\",\"urlTemplate\":\"https:\/\/www.hidro-rad.hr\/?s={search_term_string}\"},\"query-input\":\"required name=search_term_string\"}],\"inLanguage\":\"en-US\"},{\"@type\":\"Organization\",\"@id\":\"https:\/\/www.hidro-rad.hr\/#organization\",\"name\":\"HIDRO-RAD\",\"url\":\"https:\/\/www.hidro-rad.hr\/\",\"logo\":{\"@type\":\"ImageObject\",\"inLanguage\":\"en-US\",\"@id\":\"https:\/\/www.hidro-rad.hr\/#\/schema\/logo\/image\/\",\"url\":\"https:\/\/www.hidro-rad.hr\/wp-content\/uploads\/2024\/04\/512x512-hidro-rad.png\",\"contentUrl\":\"https:\/\/www.hidro-rad.hr\/wp-content\/uploads\/2024\/04\/512x512-hidro-rad.png\",\"width\":512,\"height\":512,\"caption\":\"HIDRO-RAD\"},\"image\":{\"@id\":\"https:\/\/www.hidro-rad.hr\/#\/schema\/logo\/image\/\"},\"sameAs\":[\"https:\/\/www.facebook.com\/hidrorad\/photos\/?ref=page_internal\",\"https:\/\/www.instagram.com\/hidrorad_druzic\/\"]}]}<\/script>\n<!-- \/ Yoast SEO plugin. -->","yoast_head_json":{"title":"LIDER TRAILER | HIDRO-RAD","description":"U na\u0161em prodajnom asortimanu prona\u0111ite Lider Trailer labudicu koja odgovara Va\u0161im potrebama. Kontaktirajte nas za dodatne informacije!","robots":{"index":"index","follow":"follow","max-snippet":"max-snippet:-1","max-image-preview":"max-image-preview:large","max-video-preview":"max-video-preview:-1"},"canonical":"https:\/\/www.hidro-rad.hr\/eng\/sales\/lider-trailer\/","og_locale":"en_US","og_type":"article","og_title":"LIDER TRAILER | HIDRO-RAD","og_description":"U na\u0161em prodajnom asortimanu prona\u0111ite Lider Trailer labudicu koja odgovara Va\u0161im potrebama. Kontaktirajte nas za dodatne informacije!","og_url":"https:\/\/www.hidro-rad.hr\/eng\/sales\/lider-trailer\/","og_site_name":"HIDRO-RAD","article_publisher":"https:\/\/www.facebook.com\/hidrorad\/photos\/?ref=page_internal","article_modified_time":"2022-08-29T07:49:28+00:00","og_image":[{"url":"https:\/\/www.hidro-rad.hr\/wp-content\/uploads\/2022\/04\/Prikolice-za-prijevoz-cementa.jpg"}],"twitter_card":"summary_large_image","twitter_misc":{"Est. reading time":"2 minutes"},"schema":{"@context":"https:\/\/schema.org","@graph":[{"@type":"WebPage","@id":"https:\/\/www.hidro-rad.hr\/prodaja\/lider-trailer\/","url":"https:\/\/www.hidro-rad.hr\/prodaja\/lider-trailer\/","name":"LIDER TRAILER | HIDRO-RAD","isPartOf":{"@id":"https:\/\/www.hidro-rad.hr\/#website"},"primaryImageOfPage":{"@id":"https:\/\/www.hidro-rad.hr\/prodaja\/lider-trailer\/#primaryimage"},"image":{"@id":"https:\/\/www.hidro-rad.hr\/prodaja\/lider-trailer\/#primaryimage"},"thumbnailUrl":"https:\/\/www.hidro-rad.hr\/wp-content\/uploads\/2022\/04\/Prikolice-za-prijevoz-cementa.jpg","datePublished":"2022-02-14T14:56:07+00:00","dateModified":"2022-08-29T07:49:28+00:00","description":"U na\u0161em prodajnom asortimanu prona\u0111ite Lider Trailer labudicu koja odgovara Va\u0161im potrebama. Kontaktirajte nas za dodatne informacije!","breadcrumb":{"@id":"https:\/\/www.hidro-rad.hr\/prodaja\/lider-trailer\/#breadcrumb"},"inLanguage":"en-US","potentialAction":[{"@type":"ReadAction","target":["https:\/\/www.hidro-rad.hr\/prodaja\/lider-trailer\/"]}]},{"@type":"ImageObject","inLanguage":"en-US","@id":"https:\/\/www.hidro-rad.hr\/prodaja\/lider-trailer\/#primaryimage","url":"https:\/\/www.hidro-rad.hr\/wp-content\/uploads\/2022\/04\/Prikolice-za-prijevoz-cementa.jpg","contentUrl":"https:\/\/www.hidro-rad.hr\/wp-content\/uploads\/2022\/04\/Prikolice-za-prijevoz-cementa.jpg"},{"@type":"BreadcrumbList","@id":"https:\/\/www.hidro-rad.hr\/prodaja\/lider-trailer\/#breadcrumb","itemListElement":[{"@type":"ListItem","position":1,"name":"Home","item":"https:\/\/www.hidro-rad.hr\/"},{"@type":"ListItem","position":2,"name":"PRODAJA","item":"https:\/\/www.hidro-rad.hr\/prodaja\/"},{"@type":"ListItem","position":3,"name":"LIDER TRAILER"}]},{"@type":"WebSite","@id":"https:\/\/www.hidro-rad.hr\/#website","url":"https:\/\/www.hidro-rad.hr\/","name":"HIDRO-RAD","description":"Poduze\u0107e za prodaju, najam i servis gra\u0111evinskih strojeva","publisher":{"@id":"https:\/\/www.hidro-rad.hr\/#organization"},"potentialAction":[{"@type":"SearchAction","target":{"@type":"EntryPoint","urlTemplate":"https:\/\/www.hidro-rad.hr\/?s={search_term_string}"},"query-input":"required name=search_term_string"}],"inLanguage":"en-US"},{"@type":"Organization","@id":"https:\/\/www.hidro-rad.hr\/#organization","name":"HIDRO-RAD","url":"https:\/\/www.hidro-rad.hr\/","logo":{"@type":"ImageObject","inLanguage":"en-US","@id":"https:\/\/www.hidro-rad.hr\/#\/schema\/logo\/image\/","url":"https:\/\/www.hidro-rad.hr\/wp-content\/uploads\/2024\/04\/512x512-hidro-rad.png","contentUrl":"https:\/\/www.hidro-rad.hr\/wp-content\/uploads\/2024\/04\/512x512-hidro-rad.png","width":512,"height":512,"caption":"HIDRO-RAD"},"image":{"@id":"https:\/\/www.hidro-rad.hr\/#\/schema\/logo\/image\/"},"sameAs":["https:\/\/www.facebook.com\/hidrorad\/photos\/?ref=page_internal","https:\/\/www.instagram.com\/hidrorad_druzic\/"]}]}},"_links":{"self":[{"href":"https:\/\/www.hidro-rad.hr\/eng\/wp-json\/wp\/v2\/pages\/12893","targetHints":{"allow":["GET"]}}],"collection":[{"href":"https:\/\/www.hidro-rad.hr\/eng\/wp-json\/wp\/v2\/pages"}],"about":[{"href":"https:\/\/www.hidro-rad.hr\/eng\/wp-json\/wp\/v2\/types\/page"}],"author":[{"embeddable":true,"href":"https:\/\/www.hidro-rad.hr\/eng\/wp-json\/wp\/v2\/users\/1"}],"replies":[{"embeddable":true,"href":"https:\/\/www.hidro-rad.hr\/eng\/wp-json\/wp\/v2\/comments?post=12893"}],"version-history":[{"count":82,"href":"https:\/\/www.hidro-rad.hr\/eng\/wp-json\/wp\/v2\/pages\/12893\/revisions"}],"predecessor-version":[{"id":15005,"href":"https:\/\/www.hidro-rad.hr\/eng\/wp-json\/wp\/v2\/pages\/12893\/revisions\/15005"}],"up":[{"embeddable":true,"href":"https:\/\/www.hidro-rad.hr\/eng\/wp-json\/wp\/v2\/pages\/11535"}],"wp:attachment":[{"href":"https:\/\/www.hidro-rad.hr\/eng\/wp-json\/wp\/v2\/media?parent=12893"}],"curies":[{"name":"wp","href":"https:\/\/api.w.org\/{rel}","templated":true}]}}