{"id":10668,"date":"2021-08-31T18:41:14","date_gmt":"2021-08-31T18:41:14","guid":{"rendered":"http:\/\/www.hidro-rad.hr\/?page_id=10668"},"modified":"2022-08-29T07:40:29","modified_gmt":"2022-08-29T07:40:29","slug":"takeuchi","status":"publish","type":"page","link":"https:\/\/www.hidro-rad.hr\/eng\/sales\/takeuchi\/","title":{"rendered":"TAKEUCHI"},"content":{"rendered":"<div data-elementor-type=\"wp-page\" data-elementor-id=\"10668\" class=\"elementor elementor-10668\">\n\t\t\t\t\t\t<section class=\"elementor-section elementor-top-section elementor-element elementor-element-71e9269 elementor-section-boxed elementor-section-height-default elementor-section-height-default qodef-elementor-content-no\" data-id=\"71e9269\" data-element_type=\"section\">\n\t\t\t\t\t\t<div class=\"elementor-container elementor-column-gap-default\">\n\t\t\t\t\t<div class=\"elementor-column elementor-col-100 elementor-top-column elementor-element elementor-element-d1aaf3c\" data-id=\"d1aaf3c\" data-element_type=\"column\">\n\t\t\t<div class=\"elementor-widget-wrap elementor-element-populated\">\n\t\t\t\t\t\t<div class=\"elementor-element elementor-element-f502320 elementor-widget elementor-widget-qi_addons_for_elementor_animated_text\" data-id=\"f502320\" data-element_type=\"widget\" data-settings=\"{&quot;_animation&quot;:&quot;none&quot;}\" data-widget_type=\"qi_addons_for_elementor_animated_text.default\">\n\t\t\t\t<div class=\"elementor-widget-container\">\n\t\t\t<div class=\"qodef-shortcode qodef-m  qodef-qi-animated-text qodef--animated-by-letter qodef--alignment-center qodef-qi--has-appear qodef--appear-from-top\" data-appear-delay=\"600\">\n\t\t<h3 class=\"qodef-m-title\">\n\t\t<span class=\"qodef-e-word-holder\">TAKEUCHI<\/span>\t<\/h3>\n<\/div>\n\t\t<\/div>\n\t\t\t\t<\/div>\n\t\t\t\t\t<\/div>\n\t\t<\/div>\n\t\t\t\t\t<\/div>\n\t\t<\/section>\n\t\t\t\t<section class=\"elementor-section elementor-top-section elementor-element elementor-element-f7f3611 elementor-section-boxed elementor-section-height-default elementor-section-height-default qodef-elementor-content-no\" data-id=\"f7f3611\" data-element_type=\"section\">\n\t\t\t\t\t\t<div class=\"elementor-container elementor-column-gap-default\">\n\t\t\t\t\t<div class=\"elementor-column elementor-col-100 elementor-top-column elementor-element elementor-element-93ebaae\" data-id=\"93ebaae\" data-element_type=\"column\">\n\t\t\t<div class=\"elementor-widget-wrap elementor-element-populated\">\n\t\t\t\t\t\t<div class=\"elementor-element elementor-element-b9598d4 elementor-invisible elementor-widget elementor-widget-qi_addons_for_elementor_blockquote\" data-id=\"b9598d4\" data-element_type=\"widget\" data-settings=\"{&quot;_animation&quot;:&quot;zoomIn&quot;,&quot;_animation_delay&quot;:1500}\" data-widget_type=\"qi_addons_for_elementor_blockquote.default\">\n\t\t\t\t<div class=\"elementor-widget-container\">\n\t\t\t<div class=\"qodef-shortcode qodef-m  qodef-qi-blockquote qodef-layout--inline qodef--icon-pack\">\n\t\t\t<h5 class=\"qodef-m-text translation-block\"><span class=\"qodef-m-icon\">\n\t\t\t\t\t<i aria-hidden=\"true\" class=\"fas fa-chevron-right\"><\/i>\t\t\t\t<\/span>\n\t\t\t\t\t\t<strong>Takeuchi<\/strong> is a world leader in the compact equipment industry. After raising the global standard with the  <strong> world\u2019s first 360 degree slew compact excavator <\/strong>Takeuchi continued to innovate by introducing  the first compact track loader to the industry. Nowdays, Takeuchi continues to provide products that meet the needs of today\u2019s contractor. <br>\nWe offer <strong>a full line of world class excavators. <\/strong>\nAll <strong>Takeuchi excavators<\/strong> are rugged, dependable and productive. They provide exceptional value, demonstrate outstanding performance, and are measured by their longevity in field.<\/h5>\n\t<\/div>\n\t\t<\/div>\n\t\t\t\t<\/div>\n\t\t\t\t\t<\/div>\n\t\t<\/div>\n\t\t\t\t\t<\/div>\n\t\t<\/section>\n\t\t\t\t<section class=\"elementor-section elementor-top-section elementor-element elementor-element-4679732 elementor-section-boxed elementor-section-height-default elementor-section-height-default qodef-elementor-content-no elementor-invisible\" data-id=\"4679732\" data-element_type=\"section\" data-settings=\"{&quot;animation&quot;:&quot;slideInLeft&quot;}\">\n\t\t\t\t\t\t<div class=\"elementor-container elementor-column-gap-default\">\n\t\t\t\t\t<div class=\"elementor-column elementor-col-25 elementor-top-column elementor-element elementor-element-0c29fed\" data-id=\"0c29fed\" data-element_type=\"column\">\n\t\t\t<div class=\"elementor-widget-wrap\">\n\t\t\t\t\t\t\t<\/div>\n\t\t<\/div>\n\t\t\t\t<div class=\"elementor-column elementor-col-25 elementor-top-column elementor-element elementor-element-54e8f43\" data-id=\"54e8f43\" data-element_type=\"column\">\n\t\t\t<div class=\"elementor-widget-wrap elementor-element-populated\">\n\t\t\t\t\t\t<div class=\"elementor-element elementor-element-311ff0d elementor-widget elementor-widget-techlink_core_banner\" data-id=\"311ff0d\" data-element_type=\"widget\" data-widget_type=\"techlink_core_banner.default\">\n\t\t\t\t<div class=\"elementor-widget-container\">\n\t\t\t<div class=\"qodef-shortcode qodef-m  qodef-banner qodef-layout--link-button   qodef-custom-layout--enabled\">\n\t<div class=\"qodef-m-image\" >\n\t<img fetchpriority=\"high\" decoding=\"async\" width=\"580\" height=\"640\" src=\"https:\/\/www.hidro-rad.hr\/wp-content\/uploads\/2021\/09\/Excavators.jpg\" class=\"attachment-full size-full\" alt=\"\" srcset=\"https:\/\/www.hidro-rad.hr\/wp-content\/uploads\/2021\/09\/Excavators.jpg 580w, https:\/\/www.hidro-rad.hr\/wp-content\/uploads\/2021\/09\/Excavators-272x300.jpg 272w\" sizes=\"(max-width: 580px) 100vw, 580px\" \/><\/div>\t<div class=\"qodef-m-content\">\n\t\t<div class=\"qodef-m-content-inner\">\n\t\t\t<div class=\"qodef-m-content-inner-2\">\n\t\t\t\t\t<div class=\"qodef-m-background-text\" >01<\/div>\n\t\t\t\t\t\t\t\t\t<h5 class=\"qodef-m-title\" >\n\t\tExcavators and wheel loaders\t<\/h5>\n\t\t\t\t\t\t\t<\/div>\n\t\t\t\t<div class=\"qodef-m-button\">\n\t\t<a class=\"qodef-shortcode qodef-m  qodef-button qodef-layout--textual   qodef-html--link\" href=\"https:\/\/www.hidro-rad.hr\/eng\/sales\/takeuchi\/excavators-and-wheel-loaders\/\" target=\"_self\"  style=\"color: #E3000F;font-weight: 700\">\t<span class=\"qodef-m-text\">FIND OUT MORE<\/span>\t<span class=\"qodef-m-text-line-holder\">\t\t<span class=\"qodef-m-text-line-top\"><\/span>\t\t<span class=\"qodef-m-text-line\"><\/span>\t\t<span class=\"qodef-m-text-line-bottom\"><\/span>\t<\/span><\/a>\t<\/div>\n\t\t<\/div>\n\t<\/div>\n<\/div>\t\t<\/div>\n\t\t\t\t<\/div>\n\t\t\t\t\t<\/div>\n\t\t<\/div>\n\t\t\t\t<div class=\"elementor-column elementor-col-25 elementor-top-column elementor-element elementor-element-12af44e\" data-id=\"12af44e\" data-element_type=\"column\">\n\t\t\t<div class=\"elementor-widget-wrap elementor-element-populated\">\n\t\t\t\t\t\t<div class=\"elementor-element elementor-element-fe1711b elementor-widget elementor-widget-techlink_core_banner\" data-id=\"fe1711b\" data-element_type=\"widget\" data-widget_type=\"techlink_core_banner.default\">\n\t\t\t\t<div class=\"elementor-widget-container\">\n\t\t\t<div class=\"qodef-shortcode qodef-m  qodef-banner qodef-layout--link-button   qodef-custom-layout--enabled\">\n\t<div class=\"qodef-m-image\" >\n\t<img decoding=\"async\" width=\"580\" height=\"640\" src=\"https:\/\/www.hidro-rad.hr\/wp-content\/uploads\/2021\/09\/dumper.jpg\" class=\"attachment-full size-full\" alt=\"\" srcset=\"https:\/\/www.hidro-rad.hr\/wp-content\/uploads\/2021\/09\/dumper.jpg 580w, https:\/\/www.hidro-rad.hr\/wp-content\/uploads\/2021\/09\/dumper-272x300.jpg 272w\" sizes=\"(max-width: 580px) 100vw, 580px\" \/><\/div>\t<div class=\"qodef-m-content\">\n\t\t<div class=\"qodef-m-content-inner\">\n\t\t\t<div class=\"qodef-m-content-inner-2\">\n\t\t\t\t\t<div class=\"qodef-m-background-text\" >02<\/div>\n\t\t\t\t\t\t\t\t\t<h5 class=\"qodef-m-title\" >\n\t\tDUMPERS\t<\/h5>\n\t\t\t\t\t\t\t<\/div>\n\t\t\t\t<div class=\"qodef-m-button\">\n\t\t<a class=\"qodef-shortcode qodef-m  qodef-button qodef-layout--textual   qodef-html--link\" href=\"https:\/\/www.hidro-rad.hr\/eng\/sales\/takeuchi\/dumpers\/\" target=\"_self\"  style=\"color: #E3000F;font-weight: 700\">\t<span class=\"qodef-m-text\">FIND OUT MORE<\/span>\t<span class=\"qodef-m-text-line-holder\">\t\t<span class=\"qodef-m-text-line-top\"><\/span>\t\t<span class=\"qodef-m-text-line\"><\/span>\t\t<span class=\"qodef-m-text-line-bottom\"><\/span>\t<\/span><\/a>\t<\/div>\n\t\t<\/div>\n\t<\/div>\n<\/div>\t\t<\/div>\n\t\t\t\t<\/div>\n\t\t\t\t\t<\/div>\n\t\t<\/div>\n\t\t\t\t<div class=\"elementor-column elementor-col-25 elementor-top-column elementor-element elementor-element-f7ce4a3\" data-id=\"f7ce4a3\" data-element_type=\"column\">\n\t\t\t<div class=\"elementor-widget-wrap\">\n\t\t\t\t\t\t\t<\/div>\n\t\t<\/div>\n\t\t\t\t\t<\/div>\n\t\t<\/section>\n\t\t\t\t<\/div>","protected":false},"excerpt":{"rendered":"<p>TAKEUCHI Takeuchi je svjetski lider u industriji kompaktne opreme. Proizvodnjom prvog u svijetu kompaktnog bagera s okretnih 360\u00b0 podi\u017ee globalne standarde i nastavlja s inovacijama uvode\u0107i prvi kompaktni utovariva\u010d na gusjenicama u industriju. Danas, Takeuchi nastavlja pru\u017eati proizvode koji zadovoljavaju potrebe dana\u0161njih izvo\u0111a\u010da. U na\u0161em prodajnom asortimanu mo\u017eete prona\u0107i kompletnu liniju mini bagera svjetske klase. [&hellip;]<\/p>","protected":false},"author":1,"featured_media":0,"parent":11535,"menu_order":3,"comment_status":"closed","ping_status":"closed","template":"page-full-width.php","meta":{"footnotes":""},"class_list":["post-10668","page","type-page","status-publish","hentry"],"yoast_head":"<!-- This site is optimized with the Yoast SEO plugin v22.7 - https:\/\/yoast.com\/wordpress\/plugins\/seo\/ -->\n<title>TAKEUCHI | HIDRO-RAD<\/title>\n<meta name=\"description\" content=\"Svjetski lider u industriji komaktne gra\u0111evinske opreme. Prona\u0111ite kompletnu liniju Takeuchi mini bagera svjetske klase.\" \/>\n<meta name=\"robots\" content=\"index, follow, max-snippet:-1, max-image-preview:large, max-video-preview:-1\" \/>\n<link rel=\"canonical\" href=\"https:\/\/www.hidro-rad.hr\/eng\/sales\/takeuchi\/\" \/>\n<meta property=\"og:locale\" content=\"en_US\" \/>\n<meta property=\"og:type\" content=\"article\" \/>\n<meta property=\"og:title\" content=\"TAKEUCHI | HIDRO-RAD\" \/>\n<meta property=\"og:description\" content=\"Svjetski lider u industriji komaktne gra\u0111evinske opreme. Prona\u0111ite kompletnu liniju Takeuchi mini bagera svjetske klase.\" \/>\n<meta property=\"og:url\" content=\"https:\/\/www.hidro-rad.hr\/eng\/sales\/takeuchi\/\" \/>\n<meta property=\"og:site_name\" content=\"HIDRO-RAD\" \/>\n<meta property=\"article:publisher\" content=\"https:\/\/www.facebook.com\/hidrorad\/photos\/?ref=page_internal\" \/>\n<meta property=\"article:modified_time\" content=\"2022-08-29T07:40:29+00:00\" \/>\n<meta property=\"og:image\" content=\"https:\/\/www.hidro-rad.hr\/wp-content\/uploads\/2021\/09\/Excavators.jpg\" \/>\n<meta name=\"twitter:card\" content=\"summary_large_image\" \/>\n<meta name=\"twitter:label1\" content=\"Est. reading time\" \/>\n\t<meta name=\"twitter:data1\" content=\"1 minute\" \/>\n<script type=\"application\/ld+json\" class=\"yoast-schema-graph\">{\"@context\":\"https:\/\/schema.org\",\"@graph\":[{\"@type\":\"WebPage\",\"@id\":\"https:\/\/www.hidro-rad.hr\/prodaja\/takeuchi\/\",\"url\":\"https:\/\/www.hidro-rad.hr\/prodaja\/takeuchi\/\",\"name\":\"TAKEUCHI | HIDRO-RAD\",\"isPartOf\":{\"@id\":\"https:\/\/www.hidro-rad.hr\/#website\"},\"primaryImageOfPage\":{\"@id\":\"https:\/\/www.hidro-rad.hr\/prodaja\/takeuchi\/#primaryimage\"},\"image\":{\"@id\":\"https:\/\/www.hidro-rad.hr\/prodaja\/takeuchi\/#primaryimage\"},\"thumbnailUrl\":\"https:\/\/www.hidro-rad.hr\/wp-content\/uploads\/2021\/09\/Excavators.jpg\",\"datePublished\":\"2021-08-31T18:41:14+00:00\",\"dateModified\":\"2022-08-29T07:40:29+00:00\",\"description\":\"Svjetski lider u industriji komaktne gra\u0111evinske opreme. Prona\u0111ite kompletnu liniju Takeuchi mini bagera svjetske klase.\",\"breadcrumb\":{\"@id\":\"https:\/\/www.hidro-rad.hr\/prodaja\/takeuchi\/#breadcrumb\"},\"inLanguage\":\"en-US\",\"potentialAction\":[{\"@type\":\"ReadAction\",\"target\":[\"https:\/\/www.hidro-rad.hr\/prodaja\/takeuchi\/\"]}]},{\"@type\":\"ImageObject\",\"inLanguage\":\"en-US\",\"@id\":\"https:\/\/www.hidro-rad.hr\/prodaja\/takeuchi\/#primaryimage\",\"url\":\"https:\/\/www.hidro-rad.hr\/wp-content\/uploads\/2021\/09\/Excavators.jpg\",\"contentUrl\":\"https:\/\/www.hidro-rad.hr\/wp-content\/uploads\/2021\/09\/Excavators.jpg\"},{\"@type\":\"BreadcrumbList\",\"@id\":\"https:\/\/www.hidro-rad.hr\/prodaja\/takeuchi\/#breadcrumb\",\"itemListElement\":[{\"@type\":\"ListItem\",\"position\":1,\"name\":\"Home\",\"item\":\"https:\/\/www.hidro-rad.hr\/\"},{\"@type\":\"ListItem\",\"position\":2,\"name\":\"PRODAJA\",\"item\":\"https:\/\/www.hidro-rad.hr\/prodaja\/\"},{\"@type\":\"ListItem\",\"position\":3,\"name\":\"TAKEUCHI\"}]},{\"@type\":\"WebSite\",\"@id\":\"https:\/\/www.hidro-rad.hr\/#website\",\"url\":\"https:\/\/www.hidro-rad.hr\/\",\"name\":\"HIDRO-RAD\",\"description\":\"Poduze\u0107e za prodaju, najam i servis gra\u0111evinskih strojeva\",\"publisher\":{\"@id\":\"https:\/\/www.hidro-rad.hr\/#organization\"},\"potentialAction\":[{\"@type\":\"SearchAction\",\"target\":{\"@type\":\"EntryPoint\",\"urlTemplate\":\"https:\/\/www.hidro-rad.hr\/?s={search_term_string}\"},\"query-input\":\"required name=search_term_string\"}],\"inLanguage\":\"en-US\"},{\"@type\":\"Organization\",\"@id\":\"https:\/\/www.hidro-rad.hr\/#organization\",\"name\":\"HIDRO-RAD\",\"url\":\"https:\/\/www.hidro-rad.hr\/\",\"logo\":{\"@type\":\"ImageObject\",\"inLanguage\":\"en-US\",\"@id\":\"https:\/\/www.hidro-rad.hr\/#\/schema\/logo\/image\/\",\"url\":\"https:\/\/www.hidro-rad.hr\/wp-content\/uploads\/2024\/04\/512x512-hidro-rad.png\",\"contentUrl\":\"https:\/\/www.hidro-rad.hr\/wp-content\/uploads\/2024\/04\/512x512-hidro-rad.png\",\"width\":512,\"height\":512,\"caption\":\"HIDRO-RAD\"},\"image\":{\"@id\":\"https:\/\/www.hidro-rad.hr\/#\/schema\/logo\/image\/\"},\"sameAs\":[\"https:\/\/www.facebook.com\/hidrorad\/photos\/?ref=page_internal\",\"https:\/\/www.instagram.com\/hidrorad_druzic\/\"]}]}<\/script>\n<!-- \/ Yoast SEO plugin. -->","yoast_head_json":{"title":"TAKEUCHI | HIDRO-RAD","description":"Svjetski lider u industriji komaktne gra\u0111evinske opreme. Prona\u0111ite kompletnu liniju Takeuchi mini bagera svjetske klase.","robots":{"index":"index","follow":"follow","max-snippet":"max-snippet:-1","max-image-preview":"max-image-preview:large","max-video-preview":"max-video-preview:-1"},"canonical":"https:\/\/www.hidro-rad.hr\/eng\/sales\/takeuchi\/","og_locale":"en_US","og_type":"article","og_title":"TAKEUCHI | HIDRO-RAD","og_description":"Svjetski lider u industriji komaktne gra\u0111evinske opreme. Prona\u0111ite kompletnu liniju Takeuchi mini bagera svjetske klase.","og_url":"https:\/\/www.hidro-rad.hr\/eng\/sales\/takeuchi\/","og_site_name":"HIDRO-RAD","article_publisher":"https:\/\/www.facebook.com\/hidrorad\/photos\/?ref=page_internal","article_modified_time":"2022-08-29T07:40:29+00:00","og_image":[{"url":"https:\/\/www.hidro-rad.hr\/wp-content\/uploads\/2021\/09\/Excavators.jpg"}],"twitter_card":"summary_large_image","twitter_misc":{"Est. reading time":"1 minute"},"schema":{"@context":"https:\/\/schema.org","@graph":[{"@type":"WebPage","@id":"https:\/\/www.hidro-rad.hr\/prodaja\/takeuchi\/","url":"https:\/\/www.hidro-rad.hr\/prodaja\/takeuchi\/","name":"TAKEUCHI | HIDRO-RAD","isPartOf":{"@id":"https:\/\/www.hidro-rad.hr\/#website"},"primaryImageOfPage":{"@id":"https:\/\/www.hidro-rad.hr\/prodaja\/takeuchi\/#primaryimage"},"image":{"@id":"https:\/\/www.hidro-rad.hr\/prodaja\/takeuchi\/#primaryimage"},"thumbnailUrl":"https:\/\/www.hidro-rad.hr\/wp-content\/uploads\/2021\/09\/Excavators.jpg","datePublished":"2021-08-31T18:41:14+00:00","dateModified":"2022-08-29T07:40:29+00:00","description":"Svjetski lider u industriji komaktne gra\u0111evinske opreme. Prona\u0111ite kompletnu liniju Takeuchi mini bagera svjetske klase.","breadcrumb":{"@id":"https:\/\/www.hidro-rad.hr\/prodaja\/takeuchi\/#breadcrumb"},"inLanguage":"en-US","potentialAction":[{"@type":"ReadAction","target":["https:\/\/www.hidro-rad.hr\/prodaja\/takeuchi\/"]}]},{"@type":"ImageObject","inLanguage":"en-US","@id":"https:\/\/www.hidro-rad.hr\/prodaja\/takeuchi\/#primaryimage","url":"https:\/\/www.hidro-rad.hr\/wp-content\/uploads\/2021\/09\/Excavators.jpg","contentUrl":"https:\/\/www.hidro-rad.hr\/wp-content\/uploads\/2021\/09\/Excavators.jpg"},{"@type":"BreadcrumbList","@id":"https:\/\/www.hidro-rad.hr\/prodaja\/takeuchi\/#breadcrumb","itemListElement":[{"@type":"ListItem","position":1,"name":"Home","item":"https:\/\/www.hidro-rad.hr\/"},{"@type":"ListItem","position":2,"name":"PRODAJA","item":"https:\/\/www.hidro-rad.hr\/prodaja\/"},{"@type":"ListItem","position":3,"name":"TAKEUCHI"}]},{"@type":"WebSite","@id":"https:\/\/www.hidro-rad.hr\/#website","url":"https:\/\/www.hidro-rad.hr\/","name":"HIDRO-RAD","description":"Poduze\u0107e za prodaju, najam i servis gra\u0111evinskih strojeva","publisher":{"@id":"https:\/\/www.hidro-rad.hr\/#organization"},"potentialAction":[{"@type":"SearchAction","target":{"@type":"EntryPoint","urlTemplate":"https:\/\/www.hidro-rad.hr\/?s={search_term_string}"},"query-input":"required name=search_term_string"}],"inLanguage":"en-US"},{"@type":"Organization","@id":"https:\/\/www.hidro-rad.hr\/#organization","name":"HIDRO-RAD","url":"https:\/\/www.hidro-rad.hr\/","logo":{"@type":"ImageObject","inLanguage":"en-US","@id":"https:\/\/www.hidro-rad.hr\/#\/schema\/logo\/image\/","url":"https:\/\/www.hidro-rad.hr\/wp-content\/uploads\/2024\/04\/512x512-hidro-rad.png","contentUrl":"https:\/\/www.hidro-rad.hr\/wp-content\/uploads\/2024\/04\/512x512-hidro-rad.png","width":512,"height":512,"caption":"HIDRO-RAD"},"image":{"@id":"https:\/\/www.hidro-rad.hr\/#\/schema\/logo\/image\/"},"sameAs":["https:\/\/www.facebook.com\/hidrorad\/photos\/?ref=page_internal","https:\/\/www.instagram.com\/hidrorad_druzic\/"]}]}},"_links":{"self":[{"href":"https:\/\/www.hidro-rad.hr\/eng\/wp-json\/wp\/v2\/pages\/10668","targetHints":{"allow":["GET"]}}],"collection":[{"href":"https:\/\/www.hidro-rad.hr\/eng\/wp-json\/wp\/v2\/pages"}],"about":[{"href":"https:\/\/www.hidro-rad.hr\/eng\/wp-json\/wp\/v2\/types\/page"}],"author":[{"embeddable":true,"href":"https:\/\/www.hidro-rad.hr\/eng\/wp-json\/wp\/v2\/users\/1"}],"replies":[{"embeddable":true,"href":"https:\/\/www.hidro-rad.hr\/eng\/wp-json\/wp\/v2\/comments?post=10668"}],"version-history":[{"count":28,"href":"https:\/\/www.hidro-rad.hr\/eng\/wp-json\/wp\/v2\/pages\/10668\/revisions"}],"predecessor-version":[{"id":14987,"href":"https:\/\/www.hidro-rad.hr\/eng\/wp-json\/wp\/v2\/pages\/10668\/revisions\/14987"}],"up":[{"embeddable":true,"href":"https:\/\/www.hidro-rad.hr\/eng\/wp-json\/wp\/v2\/pages\/11535"}],"wp:attachment":[{"href":"https:\/\/www.hidro-rad.hr\/eng\/wp-json\/wp\/v2\/media?parent=10668"}],"curies":[{"name":"wp","href":"https:\/\/api.w.org\/{rel}","templated":true}]}}